{"id":248876,"date":"2024-04-23T13:36:31","date_gmt":"2024-04-23T11:36:31","guid":{"rendered":"https:\/\/ellegi.com\/ponte-en-contacto-con\/"},"modified":"2025-07-08T14:46:00","modified_gmt":"2025-07-08T12:46:00","slug":"ponte-en-contacto-con","status":"publish","type":"page","link":"https:\/\/ellegi.com\/es\/ponte-en-contacto-con\/","title":{"rendered":"Ponte en contacto con"},"content":{"rendered":"[et_pb_section fb_built=\u00bb1&#8243; admin_label=\u00bbContatti &#8211; titolo principale\u00bb _builder_version=\u00bb4.16&#8243; _module_preset=\u00bbdefault\u00bb background_color=\u00bb#fcbd1b\u00bb custom_padding=\u00bb111px||45px|||\u00bb global_colors_info=\u00bb{}\u00bb][et_pb_row use_custom_gutter=\u00bbon\u00bb gutter_width=\u00bb1&#8243; make_equal=\u00bbon\u00bb _builder_version=\u00bb4.16&#8243; _module_preset=\u00bbdefault\u00bb width=\u00bb680px\u00bb width_tablet=\u00bb400px\u00bb width_phone=\u00bb\u00bb width_last_edited=\u00bbon|tablet\u00bb overflow-x=\u00bbhidden\u00bb custom_padding=\u00bb0px||0px||false|false\u00bb global_colors_info=\u00bb{}\u00bb][et_pb_column type=\u00bb4_4&#8243; _builder_version=\u00bb4.16&#8243; _module_preset=\u00bbdefault\u00bb global_colors_info=\u00bb{}\u00bb][et_pb_text _builder_version=\u00bb4.16&#8243; _module_preset=\u00bbc4731467-a79e-4ec1-9cf3-7b556cf8a39c\u00bb global_colors_info=\u00bb{}\u00bb]\n<h2>05<\/h2>\n<p><span><\/span><\/p>\n[\/et_pb_text][et_pb_text _builder_version=\u00bb4.16&#8243; _module_preset=\u00bb96e9bf89-a87f-457c-b304-aadbf360ab1a\u00bb global_colors_info=\u00bb{}\u00bb]\n<h3><span>Ponte en contacto con<\/span><\/h3>\n[\/et_pb_text][et_pb_text _builder_version=\u00bb4.16&#8243; _module_preset=\u00bb684ae210-dce5-4063-8021-75b508bd5af1&#8243; global_colors_info=\u00bb{}\u00bb]\n<h1>Estamos a tu disposici\u00f3n<\/h1>\n[\/et_pb_text][\/et_pb_column][\/et_pb_row][\/et_pb_section][et_pb_section fb_built=\u00bb1&#8243; fullwidth=\u00bbon\u00bb admin_label=\u00bbContatti &#8211; Mappa\u00bb _builder_version=\u00bb4.16&#8243; _module_preset=\u00bbdefault\u00bb background_color=\u00bb#FCBD1B\u00bb global_colors_info=\u00bb{}\u00bb][et_pb_fullwidth_code _builder_version=\u00bb4.16&#8243; _module_preset=\u00bbdefault\u00bb max_height=\u00bb590px\u00bb custom_padding=\u00bb||0px|||\u00bb global_colors_info=\u00bb{}\u00bb]<iframe src=\"https:\/\/snazzymaps.com\/embed\/303284\" width=\"100%\" height=\"600px\" style=\"border:none;\"><\/iframe>[\/et_pb_fullwidth_code][\/et_pb_section][et_pb_section fb_built=\u00bb1&#8243; admin_label=\u00bbComtatti &#8211; box informazioni\u00bb _builder_version=\u00bb4.16&#8243; _module_preset=\u00bbdefault\u00bb background_image=\u00bbhttps:\/\/ellegi.com\/wp-content\/uploads\/2021\/04\/Curva_alto_dx.svg\u00bb background_size=\u00bbinitial\u00bb background_position=\u00bbtop_right\u00bb custom_padding=\u00bb109px|||||\u00bb global_colors_info=\u00bb{}\u00bb][et_pb_row column_structure=\u00bb1_3,1_3,1_3&#8243; disabled_on=\u00bboff|off|off\u00bb _builder_version=\u00bb4.16&#8243; _module_preset=\u00bbdefault\u00bb custom_padding=\u00bb3px|||||\u00bb global_colors_info=\u00bb{}\u00bb][et_pb_column type=\u00bb1_3&#8243; _builder_version=\u00bb4.16&#8243; _module_preset=\u00bbdefault\u00bb global_colors_info=\u00bb{}\u00bb][et_pb_blurb use_icon=\u00bbon\u00bb font_icon=\u00bb&#xe0ef;||divi||400&#8243; icon_color=\u00bb#FFFFFF\u00bb _builder_version=\u00bb4.16&#8243; _module_preset=\u00bb8df8f43e-6bc8-4f48-8bba-3f1939179483&#8243; body_font=\u00bb|800|||||||\u00bb body_text_color=\u00bb#FFFFFF\u00bb body_link_text_color=\u00bb#FFFFFF\u00bb global_colors_info=\u00bb{}\u00bb body_text_color__hover_enabled=\u00bbon|hover\u00bb body_text_color__hover=\u00bb#FFFFFF\u00bb]\n<p><a href=\"https:\/\/www.google.com\/maps\/place\/World+Gasket+Ellegi\/@45.6306633,9.8797701,16.8z\/data=!4m5!3m4!1s0x47815d68e07334a1:0x1831a195b4587b96!8m2!3d45.6303976!4d9.8804487\" target=\"_blank\" rel=\"noopener\">Ellegi S.p.A<\/a><br \/><a href=\"https:\/\/www.google.com\/maps\/place\/World+Gasket+Ellegi\/@45.6306633,9.8797701,16.8z\/data=!4m5!3m4!1s0x47815d68e07334a1:0x1831a195b4587b96!8m2!3d45.6303976!4d9.8804487\" target=\"_blank\" rel=\"noopener\"><strong>Via della Molinara, 89<\/strong><\/a><br \/><a href=\"https:\/\/www.google.com\/maps\/place\/World+Gasket+Ellegi\/@45.6306633,9.8797701,16.8z\/data=!4m5!3m4!1s0x47815d68e07334a1:0x1831a195b4587b96!8m2!3d45.6303976!4d9.8804487\" target=\"_blank\" rel=\"noopener\"><strong>24064 Grumello del Monte (BG)<\/strong><\/a><\/p>\n[\/et_pb_blurb][\/et_pb_column][et_pb_column type=\u00bb1_3&#8243; _builder_version=\u00bb4.16&#8243; _module_preset=\u00bbdefault\u00bb global_colors_info=\u00bb{}\u00bb][et_pb_blurb use_icon=\u00bbon\u00bb font_icon=\u00bb&#xe090;||divi||400&#8243; icon_color=\u00bb#FFFFFF\u00bb _builder_version=\u00bb4.16&#8243; _module_preset=\u00bb8df8f43e-6bc8-4f48-8bba-3f1939179483&#8243; body_font=\u00bb|800|||||||\u00bb global_colors_info=\u00bb{}\u00bb]\n<p>+ 39 035 449 5511<\/p>\n[\/et_pb_blurb][\/et_pb_column][et_pb_column type=\u00bb1_3&#8243; _builder_version=\u00bb4.16&#8243; _module_preset=\u00bbdefault\u00bb global_colors_info=\u00bb{}\u00bb][et_pb_blurb use_icon=\u00bbon\u00bb font_icon=\u00bb&#xe010;||divi||400&#8243; icon_color=\u00bb#FFFFFF\u00bb _builder_version=\u00bb4.16&#8243; _module_preset=\u00bb8df8f43e-6bc8-4f48-8bba-3f1939179483&#8243; body_font=\u00bb|800|||||||\u00bb global_colors_info=\u00bb{}\u00bb]\n<p><span>info@ellegi.com<\/span><br \/>PEC ellegi@mlcert.it<\/p>\n[\/et_pb_blurb][\/et_pb_column][\/et_pb_row][et_pb_row column_structure=\u00bb1_3,1_3,1_3&#8243; disabled_on=\u00bbon|on|on\u00bb _builder_version=\u00bb4.16&#8243; _module_preset=\u00bbdefault\u00bb custom_padding=\u00bb3px|||||\u00bb disabled=\u00bbon\u00bb global_colors_info=\u00bb{}\u00bb][et_pb_column type=\u00bb1_3&#8243; _builder_version=\u00bb4.16&#8243; _module_preset=\u00bbdefault\u00bb global_colors_info=\u00bb{}\u00bb][et_pb_blurb use_icon=\u00bbon\u00bb font_icon=\u00bb&#xe0ef;||divi||400&#8243; icon_color=\u00bb#FFFFFF\u00bb icon_placement=\u00bbleft\u00bb image_icon_width=\u00bb60px\u00bb module_class=\u00bbbox-indirizzo\u00bb _builder_version=\u00bb4.16&#8243; _module_preset=\u00bb8df8f43e-6bc8-4f48-8bba-3f1939179483&#8243; body_font=\u00bb|800|||||||\u00bb body_font_size=\u00bb16px\u00bb body_link_text_color=\u00bb#FFFFFF\u00bb text_orientation=\u00bbleft\u00bb min_height=\u00bb100px\u00bb icon_font_size=\u00bb60px\u00bb global_colors_info=\u00bb{}\u00bb]\n<p><a href=\"https:\/\/www.google.com\/maps\/place\/World+Gasket+Ellegi\/@45.6306633,9.8797701,16.8z\/data=!4m5!3m4!1s0x47815d68e07334a1:0x1831a195b4587b96!8m2!3d45.6303976!4d9.8804487\" target=\"_blank\" rel=\"noopener\">Ellegi S.p.A.<\/a><br \/><strong><a href=\"https:\/\/www.google.com\/maps\/place\/World+Gasket+Ellegi\/@45.6306633,9.8797701,16.8z\/data=!4m5!3m4!1s0x47815d68e07334a1:0x1831a195b4587b96!8m2!3d45.6303976!4d9.8804487\" target=\"_blank\" rel=\"noopener\">Via della Molinara, 89<\/a><\/strong><br \/><strong><a href=\"https:\/\/www.google.com\/maps\/place\/World+Gasket+Ellegi\/@45.6306633,9.8797701,16.8z\/data=!4m5!3m4!1s0x47815d68e07334a1:0x1831a195b4587b96!8m2!3d45.6303976!4d9.8804487\" target=\"_blank\" rel=\"noopener\">24064 Grumello del Monte (BG)<\/a><\/strong><\/p>\n[\/et_pb_blurb][\/et_pb_column][et_pb_column type=\u00bb1_3&#8243; _builder_version=\u00bb4.16&#8243; _module_preset=\u00bbdefault\u00bb global_colors_info=\u00bb{}\u00bb][et_pb_blurb use_icon=\u00bbon\u00bb font_icon=\u00bb&#xe01d;||divi||400&#8243; icon_color=\u00bb#FFFFFF\u00bb icon_placement=\u00bbleft\u00bb image_icon_width=\u00bb60px\u00bb module_class=\u00bbbox-telefono\u00bb _builder_version=\u00bb4.16&#8243; _module_preset=\u00bb8df8f43e-6bc8-4f48-8bba-3f1939179483&#8243; body_font=\u00bb|800|||||||\u00bb body_font_size=\u00bb16px\u00bb body_link_text_color=\u00bb#FFFFFF\u00bb text_orientation=\u00bbleft\u00bb min_height=\u00bb100px\u00bb icon_font_size=\u00bb60px\u00bb global_colors_info=\u00bb{}\u00bb]\n<p><a href=\"https:\/\/www.google.com\/maps\/place\/Viale+Industria,+60,+24060+Castelli+Calepio+BG\/@45.6257128,9.8917027,15.72z\/data=!4m13!1m7!3m6!1s0x4781680012696661:0xd22548443b86c4d7!2sViale+Industria,+60,+24060+Castelli+Calepio+BG!3b1!8m2!3d45.6258756!4d9.8976501!3m4!1s0x4781680012696661:0xd22548443b86c4d7!8m2!3d45.6258756!4d9.8976501\" target=\"_blank\" rel=\"noopener\">Almac\u00e9n y log\u00edstica<strong><br \/><span>Traversa Prima, <br \/>Viale Industria, 60 &#8211; <br \/>24060 Castelli Calepio (BG)<\/span><br \/><\/strong><\/a><\/p>\n[\/et_pb_blurb][\/et_pb_column][et_pb_column type=\u00bb1_3&#8243; _builder_version=\u00bb4.16&#8243; _module_preset=\u00bbdefault\u00bb global_colors_info=\u00bb{}\u00bb][et_pb_blurb use_icon=\u00bbon\u00bb font_icon=\u00bb&#x77;||divi||400&#8243; icon_color=\u00bb#FFFFFF\u00bb icon_placement=\u00bbleft\u00bb image_icon_width=\u00bb60px\u00bb module_class=\u00bbbox-email\u00bb _builder_version=\u00bb4.16&#8243; _module_preset=\u00bb8df8f43e-6bc8-4f48-8bba-3f1939179483&#8243; body_font=\u00bb|800|||||||\u00bb body_font_size=\u00bb16px\u00bb body_link_text_color=\u00bb#FFFFFF\u00bb text_orientation=\u00bbleft\u00bb min_height=\u00bb100px\u00bb icon_font_size=\u00bb60px\u00bb global_colors_info=\u00bb{}\u00bb]\n<p><a href=\"tel:+390354495511\">+ 39 035 449 5511<\/a><br \/><a href=\"mailto:info@ellegi.com\"><span>info@ellegi.com<\/span><\/a><br \/><a href=\"mailto:ellegi@mlcert.it\">PEC ellegi@mlcert.it<\/a><\/p>\n[\/et_pb_blurb][\/et_pb_column][\/et_pb_row][\/et_pb_section][et_pb_section fb_built=\u00bb1&#8243; admin_label=\u00bbContatti &#8211; Form\u00bb _builder_version=\u00bb4.16&#8243; _module_preset=\u00bbdefault\u00bb background_color=\u00bb#F9F9F9&#8243; global_colors_info=\u00bb{}\u00bb][et_pb_row _builder_version=\u00bb4.16&#8243; _module_preset=\u00bbdefault\u00bb custom_padding=\u00bb27px||71px||false|false\u00bb global_colors_info=\u00bb{}\u00bb][et_pb_column type=\u00bb4_4&#8243; _builder_version=\u00bb4.16&#8243; _module_preset=\u00bbdefault\u00bb global_colors_info=\u00bb{}\u00bb][et_pb_text _builder_version=\u00bb4.16&#8243; _module_preset=\u00bb_initial\u00bb text_orientation=\u00bbcenter\u00bb global_colors_info=\u00bb{}\u00bb]\n<h2>Nuestro equipo est\u00e1 a la escucha, <br \/>bastan pocos clics<\/h2>\n<h3>Rellena el siguiente formulario para solicitar informaci\u00f3n<\/h3>\n[\/et_pb_text][et_pb_text _builder_version=\u00bb4.27.4&#8243; _module_preset=\u00bbdefault\u00bb width=\u00bb71%\u00bb module_alignment=\u00bbcenter\u00bb global_colors_info=\u00bb{}\u00bb]\n<div class=\"forminator-ui forminator-custom-form forminator-custom-form-254757 forminator-design--flat  forminator_ajax\" data-forminator-render=\"0\" data-form=\"forminator-module-254757\" data-uid=\"6a046d9ce01c2\"><br\/><\/div><form\r\n\t\t\t\tid=\"forminator-module-254757\"\r\n\t\t\t\tclass=\"forminator-ui forminator-custom-form forminator-custom-form-254757 forminator-design--flat  forminator_ajax\"\r\n\t\t\t\tmethod=\"post\"\r\n\t\t\t\tdata-forminator-render=\"0\"\r\n\t\t\t\tdata-form-id=\"254757\"\r\n\t\t\t\t data-color-option=\"default\" data-design=\"flat\" data-grid=\"open\" style=\"display: none;\"\r\n\t\t\t\tdata-uid=\"6a046d9ce01c2\"\r\n\t\t\t><div role=\"alert\" aria-live=\"polite\" class=\"forminator-response-message forminator-error\" aria-hidden=\"true\"><\/div><div class=\"forminator-row\"><div id=\"name-1\" class=\"forminator-field-name forminator-col forminator-col-6 \"><div class=\"forminator-field\"><label for=\"forminator-field-name-1_6a046d9ce01c2\" id=\"forminator-field-name-1_6a046d9ce01c2-label\" class=\"forminator-label\">Nombre <span class=\"forminator-required\">*<\/span><\/label><input type=\"text\" name=\"name-1\" value=\"\" placeholder=\"\" id=\"forminator-field-name-1_6a046d9ce01c2\" class=\"forminator-input forminator-name--field\" aria-required=\"true\" autocomplete=\"name\" \/><\/div><\/div><div id=\"name-2\" class=\"forminator-field-name forminator-col forminator-col-6 \"><div class=\"forminator-field\"><label for=\"forminator-field-name-2_6a046d9ce01c2\" id=\"forminator-field-name-2_6a046d9ce01c2-label\" class=\"forminator-label\">Apellido <span class=\"forminator-required\">*<\/span><\/label><input type=\"text\" name=\"name-2\" value=\"\" placeholder=\"\" id=\"forminator-field-name-2_6a046d9ce01c2\" class=\"forminator-input forminator-name--field\" aria-required=\"true\" autocomplete=\"name\" \/><\/div><\/div><\/div><div class=\"forminator-row\"><div id=\"email-1\" class=\"forminator-field-email forminator-col forminator-col-12 \"><div class=\"forminator-field\"><label for=\"forminator-field-email-1_6a046d9ce01c2\" id=\"forminator-field-email-1_6a046d9ce01c2-label\" class=\"forminator-label\">Email <span class=\"forminator-required\">*<\/span><\/label><input type=\"email\" name=\"email-1\" value=\"\" placeholder=\"\" id=\"forminator-field-email-1_6a046d9ce01c2\" class=\"forminator-input forminator-email--field\" data-required=\"true\" aria-required=\"true\" autocomplete=\"email\" \/><\/div><\/div><\/div><div class=\"forminator-row\"><div id=\"text-2\" class=\"forminator-field-text forminator-col forminator-col-12 \"><div class=\"forminator-field\"><label for=\"forminator-field-text-2_6a046d9ce01c2\" id=\"forminator-field-text-2_6a046d9ce01c2-label\" class=\"forminator-label\">Pa\u00eds <span class=\"forminator-required\">*<\/span><\/label><input type=\"text\" name=\"text-2\" value=\"\" placeholder=\"\" id=\"forminator-field-text-2_6a046d9ce01c2\" class=\"forminator-input forminator-name--field\" data-required=\"1\" \/><\/div><\/div><\/div><div class=\"forminator-row\"><div id=\"text-1\" class=\"forminator-field-text forminator-col forminator-col-12 \"><div class=\"forminator-field\"><label for=\"forminator-field-text-1_6a046d9ce01c2\" id=\"forminator-field-text-1_6a046d9ce01c2-label\" class=\"forminator-label\">Asunto <span class=\"forminator-required\">*<\/span><\/label><input type=\"text\" name=\"text-1\" value=\"\" placeholder=\"\" id=\"forminator-field-text-1_6a046d9ce01c2\" class=\"forminator-input forminator-name--field\" data-required=\"1\" \/><\/div><\/div><\/div><div class=\"forminator-row\"><div id=\"textarea-1\" class=\"forminator-field-textarea forminator-col forminator-col-12 \"><div class=\"forminator-field\"><label for=\"forminator-field-textarea-1_6a046d9ce01c2\" id=\"forminator-field-textarea-1_6a046d9ce01c2-label\" class=\"forminator-label\">Mensaje <span class=\"forminator-required\">*<\/span><\/label><textarea name=\"textarea-1\" placeholder=\"Cu\u00e9ntanos tus necesidades\" id=\"forminator-field-textarea-1_6a046d9ce01c2\" class=\"forminator-textarea\" rows=\"6\" style=\"--forminator-textarea-min-height:140px;\" maxlength=\"180\" ><\/textarea><span id=\"forminator-field-textarea-1_6a046d9ce01c2-description\" class=\"forminator-description\"><span data-limit=\"180\" data-type=\"characters\" data-editor=\"\">0 \/ 180<\/span><\/span><\/div><\/div><\/div><div class=\"forminator-row\"><div id=\"consent-1\" class=\"forminator-field-consent forminator-col forminator-col-12 \"><div class=\"forminator-field\"><label for=\"forminator-field-consent-1_6a046d9ce01c2\" id=\"forminator-field-consent-1_6a046d9ce01c2-label\" class=\"forminator-label\">Consentimiento <span class=\"forminator-required\">*<\/span><\/label><div class=\"forminator-checkbox__wrapper\"><label id=\"forminator-field-consent-1_6a046d9ce01c2__label\" class=\"forminator-checkbox forminator-consent\"><input type=\"checkbox\" name=\"consent-1\" id=\"forminator-field-consent-1_6a046d9ce01c2\" value=\"checked\" aria-labelledby=\"forminator-field-consent-1_6a046d9ce01c2-label\" aria-describedby=\"forminator-field-consent-1_6a046d9ce01c2__description\" data-required=\"true\" aria-required=\"true\" \/><span class=\"forminator-checkbox-box\" aria-hidden=\"true\"><\/span><\/label><div id=\"forminator-field-consent-1_6a046d9ce01c2__description\" class=\"forminator-checkbox__label forminator-consent__label\"><p>Declaro que he le\u00eddo la <a href=\"https:\/\/www.iubenda.com\/privacy-policy\/88911507\">pol\u00edtica de privacidad<\/a> y manifiesto mi consentimiento al tratamiento de datos para los fines indicados.<\/p><\/div><\/div><\/div><\/div><\/div><div class=\"forminator-row\"><div id=\"captcha-1\" class=\"forminator-field-captcha forminator-col forminator-col-12 \"><div class=\"forminator-captcha-left forminator-g-recaptcha recaptcha-invisible\" data-theme=\"light\" data-badge=\"inline\" data-sitekey=\"6LfAH3wrAAAAAMVUEi33UfhlSvetXaLcgVM_qxlf\" data-size=\"invisible\"><\/div> <\/div><\/div><div class=\"forminator-row forminator-hidden\"><div id=\"hidden-1\" class=\"forminator-field-hidden  forminator-col-12 \"><input type=\"hidden\" id=\"hidden-1_6a046d9ce01c2\" name=\"hidden-1\" value=\"216.73.217.52\" \/><\/div><\/div><input type=\"hidden\" name=\"referer_url\" value=\"\" \/><div class=\"forminator-row forminator-row-last\"><div class=\"forminator-col\"><div class=\"forminator-field\"><button class=\"forminator-button forminator-button-submit\">Enviar<\/button><\/div><\/div><\/div><input type=\"hidden\" id=\"forminator_nonce\" name=\"forminator_nonce\" value=\"414b4a9069\" \/><input type=\"hidden\" name=\"_wp_http_referer\" value=\"\/es\/wp-json\/wp\/v2\/pages\/248876\" \/><input type=\"hidden\" name=\"form_id\" value=\"254757\"><input type=\"hidden\" name=\"page_id\" value=\"248876\"><input type=\"hidden\" name=\"form_type\" value=\"\"><input type=\"hidden\" name=\"current_url\" value=\"https:\/\/ellegi.com\/es\/ponte-en-contacto-con\/\"><input type=\"hidden\" name=\"render_id\" value=\"0\"><input type=\"hidden\" name=\"action\" value=\"forminator_submit_form_custom-forms\"><label for=\"input_9\" class=\"forminator-hidden\" aria-hidden=\"true\">Por favor, no rellenes este campo. <input id=\"input_9\" type=\"text\" name=\"input_9\" value=\"\" autocomplete=\"off\"><\/label><\/form>\n[\/et_pb_text][\/et_pb_column][\/et_pb_row][\/et_pb_section][et_pb_section fb_built=\u00bb1&#8243; disabled_on=\u00bbon|on|on\u00bb module_class=\u00bbdivisoria\u00bb _builder_version=\u00bb4.9.2&#8243; _module_preset=\u00bb_initial\u00bb background_enable_image=\u00bboff\u00bb background_size=\u00bbcontain\u00bb background_position=\u00bbbottom_center\u00bb min_height=\u00bb543px\u00bb custom_padding=\u00bb||181px||false|false\u00bb disabled=\u00bbon\u00bb global_module=\u00bb236303&#8243; saved_tabs=\u00bball\u00bb global_colors_info=\u00bb{}\u00bb][et_pb_row column_structure=\u00bb1_2,1_2&#8243; use_custom_gutter=\u00bbon\u00bb gutter_width=\u00bb1&#8243; make_equal=\u00bbon\u00bb _builder_version=\u00bb4.16&#8243; _module_preset=\u00bbdefault\u00bb width=\u00bb66%\u00bb width_tablet=\u00bb\u00bb width_phone=\u00bb100%\u00bb width_last_edited=\u00bbon|phone\u00bb custom_padding=\u00bb0px||0px||false|false\u00bb animation_style=\u00bbzoom\u00bb border_radii=\u00bbon|40px|40px|40px|40px\u00bb box_shadow_style=\u00bbpreset1&#8243; box_shadow_blur=\u00bb58px\u00bb global_colors_info=\u00bb{}\u00bb][et_pb_column type=\u00bb1_2&#8243; _builder_version=\u00bb4.16&#8243; _module_preset=\u00bbdefault\u00bb background_color=\u00bb#FCBD1B\u00bb background_image=\u00bbhttps:\/\/ellegi.com\/wp-content\/uploads\/2021\/03\/ellegi-newsletter2.png\u00bb parallax=\u00bbon\u00bb custom_padding_tablet=\u00bb160px||160px||true|false\u00bb custom_padding_phone=\u00bb\u00bb custom_padding_last_edited=\u00bbon|tablet\u00bb background_last_edited=\u00bboff|desktop\u00bb background_image_tablet=\u00bbhttps:\/\/ellegi.com\/wp-content\/uploads\/2021\/03\/ellegi-newsletter2.png\u00bb background_enable_image_tablet=\u00bbon\u00bb global_colors_info=\u00bb{}\u00bb][et_pb_divider show_divider=\u00bboff\u00bb disabled_on=\u00bboff|off|on\u00bb _builder_version=\u00bb4.16&#8243; _module_preset=\u00bbdefault\u00bb global_colors_info=\u00bb{}\u00bb][\/et_pb_divider][\/et_pb_column][et_pb_column type=\u00bb1_2&#8243; _builder_version=\u00bb4.16&#8243; _module_preset=\u00bbdefault\u00bb custom_padding=\u00bb47px|24px|47px|24px|true|true\u00bb global_colors_info=\u00bb{}\u00bb][et_pb_text _builder_version=\u00bb4.16&#8243; _module_preset=\u00bbbadb7fa5-00dc-44e7-a5cd-18b724b23a01&#8243; text_orientation_tablet=\u00bbcenter\u00bb text_orientation_phone=\u00bb\u00bb text_orientation_last_edited=\u00bbon|tablet\u00bb global_colors_info=\u00bb{}\u00bb]\n<h2>\u00bfYa est\u00e1s suscrito a nuestro bolet\u00edn?<\/h2>\n<p><span><\/span><\/p>\n[\/et_pb_text][et_pb_text _builder_version=\u00bb4.16&#8243; _module_preset=\u00bb2fa55ecb-cc36-458a-bbf1-8a0aeb26e909&#8243; text_orientation_tablet=\u00bbcenter\u00bb text_orientation_phone=\u00bb\u00bb text_orientation_last_edited=\u00bbon|tablet\u00bb global_colors_info=\u00bb{}\u00bb]\n<p><span>Queremos ofrecerte un punto de contacto adicional con el mundo de World Gasket Ellegi. Nuestros canales de comunicaci\u00f3n, como el bolet\u00edn, son un medio importante para sentirnos a\u00fan m\u00e1s cerca. S\u00f3lo tienes que inscribirte, \u00a1con un solo clic!<\/span><\/p>\n[\/et_pb_text][et_pb_button button_url=\u00bb@ET-DC@eyJkeW5hbWljIjp0cnVlLCJjb250ZW50IjoicG9zdF9saW5rX3VybF9wYWdlIiwic2V0dGluZ3MiOnsicG9zdF9pZCI6IjIzNjI0NCJ9fQ==@\u00bb button_text=\u00bbInscr\u00edbete ahora\u00bb button_alignment_tablet=\u00bbcenter\u00bb button_alignment_phone=\u00bb\u00bb button_alignment_last_edited=\u00bbon|tablet\u00bb _builder_version=\u00bb4.16&#8243; _dynamic_attributes=\u00bbbutton_url\u00bb _module_preset=\u00bb625935d1-6f08-41e3-af14-6cd73e0bdac7&#8243; custom_margin=\u00bb34px||||false|false\u00bb global_colors_info=\u00bb{}\u00bb][\/et_pb_button][\/et_pb_column][\/et_pb_row][\/et_pb_section]\n","protected":false},"excerpt":{"rendered":"<p>05 Ponte en contacto conEstamos a tu disposici\u00f3nEllegi S.p.AVia della Molinara, 8924064 Grumello del Monte (BG)+ 39 035 449 5511info@ellegi.comPEC ellegi@mlcert.itEllegi S.p.A.Via della Molinara, 8924064 Grumello del Monte (BG)Almac\u00e9n y log\u00edsticaTraversa Prima, Viale Industria, 60 &#8211; 24060 Castelli Calepio (BG)+ 39 035 449 5511info@ellegi.comPEC ellegi@mlcert.itNuestro equipo est\u00e1 a la escucha, bastan pocos clics Rellena el [&hellip;]<\/p>\n","protected":false},"author":16,"featured_media":0,"parent":0,"menu_order":0,"comment_status":"closed","ping_status":"closed","template":"","meta":{"_et_pb_use_builder":"on","_et_pb_old_content":"","_et_gb_content_width":"","inline_featured_image":false,"footnotes":""},"class_list":["post-248876","page","type-page","status-publish","hentry"],"_links":{"self":[{"href":"https:\/\/ellegi.com\/es\/wp-json\/wp\/v2\/pages\/248876","targetHints":{"allow":["GET"]}}],"collection":[{"href":"https:\/\/ellegi.com\/es\/wp-json\/wp\/v2\/pages"}],"about":[{"href":"https:\/\/ellegi.com\/es\/wp-json\/wp\/v2\/types\/page"}],"author":[{"embeddable":true,"href":"https:\/\/ellegi.com\/es\/wp-json\/wp\/v2\/users\/16"}],"replies":[{"embeddable":true,"href":"https:\/\/ellegi.com\/es\/wp-json\/wp\/v2\/comments?post=248876"}],"version-history":[{"count":0,"href":"https:\/\/ellegi.com\/es\/wp-json\/wp\/v2\/pages\/248876\/revisions"}],"wp:attachment":[{"href":"https:\/\/ellegi.com\/es\/wp-json\/wp\/v2\/media?parent=248876"}],"curies":[{"name":"wp","href":"https:\/\/api.w.org\/{rel}","templated":true}]}}