{"id":248879,"date":"2024-04-23T13:36:32","date_gmt":"2024-04-23T11:36:32","guid":{"rendered":"https:\/\/ellegi.com\/como\/"},"modified":"2024-10-14T15:47:35","modified_gmt":"2024-10-14T13:47:35","slug":"como","status":"publish","type":"page","link":"https:\/\/ellegi.com\/es\/como\/","title":{"rendered":"C\u00f3mo"},"content":{"rendered":"[et_pb_section fb_built=\u00bb1&#8243; admin_label=\u00bbContatti &#8211; titolo principale\u00bb _builder_version=\u00bb4.9.2&#8243; _module_preset=\u00bbdefault\u00bb background_color=\u00bb#fcbd1b\u00bb custom_padding=\u00bb111px||45px|||\u00bb][et_pb_row use_custom_gutter=\u00bbon\u00bb gutter_width=\u00bb1&#8243; make_equal=\u00bbon\u00bb _builder_version=\u00bb4.9.2&#8243; _module_preset=\u00bbdefault\u00bb width=\u00bb690px\u00bb width_tablet=\u00bb528px\u00bb width_phone=\u00bb\u00bb width_last_edited=\u00bbon|tablet\u00bb overflow-x=\u00bbhidden\u00bb custom_padding=\u00bb0px||0px||false|false\u00bb][et_pb_column type=\u00bb4_4&#8243; _builder_version=\u00bb4.9.2&#8243; _module_preset=\u00bbdefault\u00bb][et_pb_text _builder_version=\u00bb4.9.2&#8243; _module_preset=\u00bbc4731467-a79e-4ec1-9cf3-7b556cf8a39c\u00bb]\n<h2>03<\/h2>\n<p><span><\/span><\/p>\n[\/et_pb_text][et_pb_text _builder_version=\u00bb4.9.2&#8243; _module_preset=\u00bb96e9bf89-a87f-457c-b304-aadbf360ab1a\u00bb]\n<h3><span>C\u00f3mo trabajamos<\/span><\/h3>\n[\/et_pb_text][et_pb_text _builder_version=\u00bb4.9.2&#8243; _module_preset=\u00bb684ae210-dce5-4063-8021-75b508bd5af1&#8243;]\n<h1>Nuestro ciclo de producci\u00f3n<\/h1>\n[\/et_pb_text][\/et_pb_column][\/et_pb_row][\/et_pb_section][et_pb_section fb_built=\u00bb1&#8243; admin_label=\u00bbCome &#8211; testo principale\u00bb _builder_version=\u00bb4.9.2&#8243; _module_preset=\u00bbbbbcfe56-4f59-4b53-a8a9-43acaeaadbc1&#8243; background_color=\u00bb#f9f9f9&#8243; background_image=\u00bbhttps:\/\/ellegi.com\/wp-content\/uploads\/2021\/04\/Curva_alto_dx.svg\u00bb background_size=\u00bbinitial\u00bb background_position=\u00bbtop_right\u00bb][et_pb_row column_structure=\u00bb1_2,1_2&#8243; _builder_version=\u00bb4.9.4&#8243; _module_preset=\u00bb5727d1f3-f73b-4cb8-ac3c-40e08483bea9&#8243; hover_enabled=\u00bb0&#8243; sticky_enabled=\u00bb0&#8243; custom_padding_last_edited=\u00bbon|tablet\u00bb custom_padding_tablet=\u00bb||0px||false|false\u00bb][et_pb_column type=\u00bb1_2&#8243; _builder_version=\u00bb4.9.4&#8243; _module_preset=\u00bbdefault\u00bb hover_enabled=\u00bb0&#8243; sticky_enabled=\u00bb0&#8243;][et_pb_blurb title=\u00bbElecci\u00f3n de la materia prima\u00bb image=\u00bbhttps:\/\/ellegi.com\/wp-content\/uploads\/2021\/03\/I.svg\u00bb _builder_version=\u00bb4.7.7&#8243; _module_preset=\u00bb26fbbda6-1a55-4bf2-b08c-226ebd2ee552&#8243;]\n<p>Selecci\u00f3n de proveedores y materias primas basada en un profundo conocimiento de los materiales y de los elast\u00f3meros en particular.<\/p>\n[\/et_pb_blurb][\/et_pb_column][et_pb_column type=\u00bb1_2&#8243; _builder_version=\u00bb4.9.4&#8243; _module_preset=\u00bbdefault\u00bb hover_enabled=\u00bb0&#8243; sticky_enabled=\u00bb0&#8243;][et_pb_blurb title=\u00bbDise\u00f1o y fabricaci\u00f3n de moldes\u00bb image=\u00bbhttps:\/\/ellegi.com\/wp-content\/uploads\/2021\/03\/II.svg\u00bb _builder_version=\u00bb4.7.7&#8243; _module_preset=\u00bb26fbbda6-1a55-4bf2-b08c-226ebd2ee552&#8243; animation_delay=\u00bb200ms\u00bb]\n<p><span>Fabricar moldes con el mejor equipamiento tecnol\u00f3gico para predecir, ejecutar y probar soluciones que cumplan las expectativas del cliente.<\/span><\/p>\n[\/et_pb_blurb][\/et_pb_column][\/et_pb_row][et_pb_row column_structure=\u00bb1_2,1_2&#8243; _builder_version=\u00bb4.7.7&#8243; _module_preset=\u00bb5727d1f3-f73b-4cb8-ac3c-40e08483bea9&#8243; global_colors_info=\u00bb{}\u00bb custom_padding_last_edited=\u00bbon|tablet\u00bb custom_padding_tablet=\u00bb||0px||false|false\u00bb][et_pb_column type=\u00bb1_2&#8243; _builder_version=\u00bb4.7.7&#8243; _module_preset=\u00bbdefault\u00bb][et_pb_blurb title=\u00bbMoldeo de productos\u00bb image=\u00bbhttps:\/\/ellegi.com\/wp-content\/uploads\/2021\/03\/III.svg\u00bb _builder_version=\u00bb4.7.7&#8243; _module_preset=\u00bb26fbbda6-1a55-4bf2-b08c-226ebd2ee552&#8243; animation_delay=\u00bb400ms\u00bb]\n<p><span>El producto se moldea mediante las tecnolog\u00edas de moldeo por inyecci\u00f3n (IM) y moldeo por compresi\u00f3n.<\/span><\/p>\n[\/et_pb_blurb][\/et_pb_column][et_pb_column type=\u00bb1_2&#8243; _builder_version=\u00bb4.7.7&#8243; _module_preset=\u00bbdefault\u00bb][et_pb_blurb title=\u00bbTratamiento adicional\u00bb image=\u00bbhttps:\/\/ellegi.com\/wp-content\/uploads\/2021\/03\/IV.svg\u00bb _builder_version=\u00bb4.7.7&#8243; _module_preset=\u00bb26fbbda6-1a55-4bf2-b08c-226ebd2ee552&#8243; animation_delay=\u00bb600ms\u00bb]\n<p>Completa el ciclo de producci\u00f3n con desbarbado, esmerilado, postcurado y acabado superficial con nanotecnolog\u00edas.<\/p>\n[\/et_pb_blurb][\/et_pb_column][\/et_pb_row][et_pb_row column_structure=\u00bb1_2,1_2&#8243; _builder_version=\u00bb4.7.7&#8243; _module_preset=\u00bb5727d1f3-f73b-4cb8-ac3c-40e08483bea9&#8243; global_colors_info=\u00bb{}\u00bb custom_padding_last_edited=\u00bbon|tablet\u00bb custom_padding_tablet=\u00bb||0px||false|false\u00bb][et_pb_column type=\u00bb1_2&#8243; _builder_version=\u00bb4.7.7&#8243; _module_preset=\u00bbdefault\u00bb][et_pb_blurb title=\u00bbInspecci\u00f3n \/ selecci\u00f3n y pruebas\u00bb image=\u00bbhttps:\/\/ellegi.com\/wp-content\/uploads\/2021\/03\/V.svg\u00bb _builder_version=\u00bb4.7.7&#8243; _module_preset=\u00bb26fbbda6-1a55-4bf2-b08c-226ebd2ee552&#8243; animation_delay=\u00bb800ms\u00bb]\n<p><span>Clasificaci\u00f3n autom\u00e1tica y manual de las piezas mediante m\u00e1quinas de control autom\u00e1tico, con pruebas finales realizadas por el laboratorio interno.<\/span><\/p>\n[\/et_pb_blurb][\/et_pb_column][et_pb_column type=\u00bb1_2&#8243; _builder_version=\u00bb4.7.7&#8243; _module_preset=\u00bbdefault\u00bb][et_pb_blurb title=\u00bbEmbalaje y env\u00edo\u00bb image=\u00bbhttps:\/\/ellegi.com\/wp-content\/uploads\/2021\/03\/VI.svg\u00bb _builder_version=\u00bb4.7.7&#8243; _module_preset=\u00bb26fbbda6-1a55-4bf2-b08c-226ebd2ee552&#8243; animation_delay=\u00bb1000ms\u00bb]\n<div class=\"raw_components--panel--3IcXg inspect_panels--inspectionPanel--3Wboz\" tabindex=\"-1\">\n<div class=\"parent_component_panel--parentLayerSummaryContainer--23US6\">\n<div class=\"parent_component_panel--parentLayerSummary--1slmh inspect_selection_header--headerSelection--2la3a\">\n<div class=\"inspect_selection_header--headerSelectionName--3QNxZ ellipsis--ellipsis--1RWY6 text--fontPos11--RSei3 text--_fontBase--YWDo0\"><span>Etapa final del ciclo de producci\u00f3n, durante la cual el producto se envasa, embala, etiqueta y env\u00eda con cuidado y atenci\u00f3n.<\/span><\/div>\n<\/div>\n<\/div>\n<\/div>\n[\/et_pb_blurb][\/et_pb_column][\/et_pb_row][\/et_pb_section][et_pb_section fb_built=\u00bb1&#8243; admin_label=\u00bbCome &#8211; Perch\u00e8 sceglierci\u00bb _builder_version=\u00bb4.7.7&#8243; _module_preset=\u00bbdefault\u00bb][et_pb_row _builder_version=\u00bb4.7.7&#8243; _module_preset=\u00bbdefault\u00bb custom_padding=\u00bb27px||0px|||\u00bb][et_pb_column type=\u00bb4_4&#8243; _builder_version=\u00bb4.7.7&#8243; _module_preset=\u00bbdefault\u00bb][et_pb_text _builder_version=\u00bb4.9.2&#8243; _module_preset=\u00bb1d897dec-6a6e-4d57-8584-5fde35f7f136&#8243; custom_padding=\u00bb1px|||||\u00bb]\n<h2><b data-stringify-type=\"bold\">\u00bfPor qu\u00e9 elegir World Gasket Ellegi?<\/b><\/h2>\n<h3><span>Estos son los valores distintivos de nuestra empresa.<\/span><\/h3>\n[\/et_pb_text][\/et_pb_column][\/et_pb_row][et_pb_row column_structure=\u00bb1_3,2_3&#8243; make_equal=\u00bbon\u00bb _builder_version=\u00bb4.9.2&#8243; _module_preset=\u00bbdefault\u00bb width=\u00bb70%\u00bb custom_padding=\u00bb3px|||||\u00bb hover_enabled=\u00bb0&#8243; sticky_enabled=\u00bb0&#8243;][et_pb_column type=\u00bb1_3&#8243; _builder_version=\u00bb4.9.2&#8243; _module_preset=\u00bbdefault\u00bb][et_pb_text _builder_version=\u00bb4.9.4&#8243; _module_preset=\u00bb2fa55ecb-cc36-458a-bbf1-8a0aeb26e909&#8243; custom_margin=\u00bb0px||6px||false|false\u00bb custom_padding=\u00bb1px||0px|||\u00bb hover_enabled=\u00bb0&#8243; module_class=\u00bbcentra_contenuto_mobile\u00bb sticky_enabled=\u00bb0&#8243;]\n<p><span>Seremos m\u00e1s que proveedores, seremos socios en tu Excelencia. \u00bfC\u00f3mo? De una forma \u00fanica, gracias a todas nuestras fuerzas.<\/span><\/p>\n[\/et_pb_text][\/et_pb_column][et_pb_column type=\u00bb2_3&#8243; _builder_version=\u00bb4.9.2&#8243; _module_preset=\u00bbdefault\u00bb][et_pb_text _builder_version=\u00bb4.9.2&#8243; _module_preset=\u00bb_initial\u00bb custom_margin=\u00bb0px||-3px||false|false\u00bb]\n<p><strong>Nuestros puntos fuertes<\/strong><strong><\/strong><\/p>\n<p><strong><\/strong><\/p>\n<ul>\n<li data-stringify-indent=\"0\"><span style=\"color: #333333;\">Gama de productos: amplia y en constante actualizaci\u00f3n;<\/span><\/li>\n<li data-stringify-indent=\"0\"><span style=\"color: #333333;\">Almac\u00e9n ampliado: estrat\u00e9gico para el suministro puntual;<\/span><\/li>\n<li data-stringify-indent=\"0\"><span style=\"color: #333333;\">Embalaje: embalaje inteligente y personalizable de kits y precintos;<\/span><\/li>\n<li><span style=\"color: #333333;\">Materias primas: seleccionadas y controladas para garantizar la fiabilidad y la calidad.<\/span><\/li>\n<\/ul>\n[\/et_pb_text][\/et_pb_column][\/et_pb_row][\/et_pb_section][et_pb_section fb_built=\u00bb1&#8243; admin_label=\u00bbCome &#8211; certificazioni\u00bb _builder_version=\u00bb4.7.7&#8243; _module_preset=\u00bbdefault\u00bb background_color=\u00bb#333333&#8243;][et_pb_row column_structure=\u00bb1_2,1_2&#8243; make_equal=\u00bbon\u00bb _builder_version=\u00bb4.9.4&#8243; _module_preset=\u00bbdefault\u00bb custom_padding=\u00bb27px||0px|||\u00bb hover_enabled=\u00bb0&#8243; module_class=\u00bbcentra_contenuto_mobile\u00bb sticky_enabled=\u00bb0&#8243;][et_pb_column type=\u00bb1_2&#8243; module_class=\u00bbcentra-verticale\u00bb _builder_version=\u00bb4.7.7&#8243; _module_preset=\u00bbdefault\u00bb][et_pb_text _builder_version=\u00bb4.7.7&#8243; _module_preset=\u00bb_initial\u00bb background_layout=\u00bbdark\u00bb custom_padding=\u00bb1px|||||\u00bb]\n<h2>M\u00e1s all\u00e1 del concepto de Calidad<\/h2>\n<h3>Conocimientos integrados orientados a la Excelencia<\/h3>\n[\/et_pb_text][\/et_pb_column][et_pb_column type=\u00bb1_2&#8243; module_class=\u00bbcentra-verticale\u00bb _builder_version=\u00bb4.7.7&#8243; _module_preset=\u00bbdefault\u00bb][et_pb_button button_url=\u00bb@ET-DC@eyJkeW5hbWljIjp0cnVlLCJjb250ZW50IjoicG9zdF9saW5rX3VybF9wYWdlIiwic2V0dGluZ3MiOnsicG9zdF9pZCI6IjIzNTEzNSJ9fQ==@\u00bb button_text=\u00bbDescubre nuestra certificaci\u00f3n\u00bb button_alignment=\u00bbleft\u00bb _builder_version=\u00bb4.9.2&#8243; _dynamic_attributes=\u00bbbutton_url\u00bb _module_preset=\u00bbc7a40d56-4e06-4c06-a52b-4eba65708fff\u00bb custom_margin=\u00bb-25px||||false|false\u00bb][\/et_pb_button][\/et_pb_column][\/et_pb_row][\/et_pb_section][et_pb_section fb_built=\u00bb1&#8243; admin_label=\u00bbCome &#8211; Due business Unit\u00bb _builder_version=\u00bb4.7.7&#8243; _module_preset=\u00bbdefault\u00bb][et_pb_row column_structure=\u00bb1_3,2_3&#8243; _builder_version=\u00bb4.9.4&#8243; _module_preset=\u00bbf14df2b1-b95f-489e-a142-84f23139cdc7&#8243; hover_enabled=\u00bb0&#8243; global_module=\u00bb235045&#8243; saved_tabs=\u00bball\u00bb module_class=\u00bbcentra_contenuto_mobile\u00bb sticky_enabled=\u00bb0&#8243; width_last_edited=\u00bbon|phone\u00bb width_phone=\u00bb100%\u00bb][et_pb_column type=\u00bb1_3&#8243; _builder_version=\u00bb4.7.7&#8243; _module_preset=\u00bbdefault\u00bb background_color=\u00bb#333333&#8243; background_image=\u00bbhttps:\/\/ellegi.com\/wp-content\/uploads\/2025\/03\/WGE_pattern.png\u00bb parallax=\u00bbon\u00bb][et_pb_divider show_divider=\u00bboff\u00bb disabled_on=\u00bboff|off|on\u00bb _builder_version=\u00bb4.9.4&#8243; _module_preset=\u00bbdefault\u00bb min_height=\u00bb180px\u00bb][\/et_pb_divider][\/et_pb_column][et_pb_column type=\u00bb2_3&#8243; module_class=\u00bbbottone-allineato\u00bb _builder_version=\u00bb4.9.2&#8243; _module_preset=\u00bbdefault\u00bb background_color=\u00bb#ffffff\u00bb custom_padding=\u00bb60px|40px|60px|40px|false|true\u00bb hover_enabled=\u00bb0&#8243; sticky_enabled=\u00bb0&#8243;][et_pb_text _builder_version=\u00bb4.9.2&#8243; _module_preset=\u00bbbadb7fa5-00dc-44e7-a5cd-18b724b23a01&#8243;]\n<h2>Dos Unidades de Negocio<\/h2>\n<h3><span>OEM y Aftermarket: dos eslabones de la misma cadena<\/span><\/h3>\n[\/et_pb_text][et_pb_text _builder_version=\u00bb4.9.2&#8243; _module_preset=\u00bb2fa55ecb-cc36-458a-bbf1-8a0aeb26e909&#8243;]\n<p><span>Las dos <strong>unidades de negocio<\/strong> de <strong>World Gasket Ellegi<\/strong> desarrollan un enfoque integrado para <strong>mejorar constantemente<\/strong> la experiencia de la <strong>empresa<\/strong>, integrando <strong>conocimientos<\/strong> relacionados con mercados espec\u00edficos para aumentar la propuesta de<strong> valor<\/strong> al cliente.<\/span><\/p>\n[\/et_pb_text][et_pb_button button_url=\u00bb@ET-DC@eyJkeW5hbWljIjp0cnVlLCJjb250ZW50IjoicG9zdF9saW5rX3VybF9wYWdlIiwic2V0dGluZ3MiOnsicG9zdF9pZCI6IjIzNTExOCJ9fQ==@\u00bb button_text=\u00bbOEM\u00bb _builder_version=\u00bb4.9.4&#8243; _dynamic_attributes=\u00bbbutton_url\u00bb _module_preset=\u00bbb4caf505-5891-4379-98a4-6a61bfef9eeb\u00bb custom_margin=\u00bb50px|20px|||false|false\u00bb hover_enabled=\u00bb0&#8243; custom_margin_last_edited=\u00bbon|tablet\u00bb sticky_enabled=\u00bb0&#8243; custom_margin_tablet=\u00bb|0px|||false|false\u00bb][\/et_pb_button][et_pb_button button_url=\u00bb@ET-DC@eyJkeW5hbWljIjp0cnVlLCJjb250ZW50IjoicG9zdF9saW5rX3VybF9wYWdlIiwic2V0dGluZ3MiOnsicG9zdF9pZCI6IjIzNTEyNSJ9fQ==@\u00bb button_text=\u00bbAFTERMARKET\u00bb _builder_version=\u00bb4.9.2&#8243; _dynamic_attributes=\u00bbbutton_url\u00bb _module_preset=\u00bbb4caf505-5891-4379-98a4-6a61bfef9eeb\u00bb][\/et_pb_button][\/et_pb_column][\/et_pb_row][\/et_pb_section][et_pb_section fb_built=\u00bb1&#8243; _builder_version=\u00bb4.9.2&#8243; _module_preset=\u00bbdefault\u00bb min_height=\u00bb160px\u00bb][\/et_pb_section]\n","protected":false},"excerpt":{"rendered":"<p>03 C\u00f3mo trabajamosNuestro ciclo de producci\u00f3nSelecci\u00f3n de proveedores y materias primas basada en un profundo conocimiento de los materiales y de los elast\u00f3meros en particular.Fabricar moldes con el mejor equipamiento tecnol\u00f3gico para predecir, ejecutar y probar soluciones que cumplan las expectativas del cliente.El producto se moldea mediante las tecnolog\u00edas de moldeo por inyecci\u00f3n (IM) y [&hellip;]<\/p>\n","protected":false},"author":16,"featured_media":0,"parent":0,"menu_order":0,"comment_status":"closed","ping_status":"closed","template":"","meta":{"_et_pb_use_builder":"on","_et_pb_old_content":"","_et_gb_content_width":"","inline_featured_image":false,"footnotes":""},"class_list":["post-248879","page","type-page","status-publish","hentry"],"_links":{"self":[{"href":"https:\/\/ellegi.com\/es\/wp-json\/wp\/v2\/pages\/248879","targetHints":{"allow":["GET"]}}],"collection":[{"href":"https:\/\/ellegi.com\/es\/wp-json\/wp\/v2\/pages"}],"about":[{"href":"https:\/\/ellegi.com\/es\/wp-json\/wp\/v2\/types\/page"}],"author":[{"embeddable":true,"href":"https:\/\/ellegi.com\/es\/wp-json\/wp\/v2\/users\/16"}],"replies":[{"embeddable":true,"href":"https:\/\/ellegi.com\/es\/wp-json\/wp\/v2\/comments?post=248879"}],"version-history":[{"count":0,"href":"https:\/\/ellegi.com\/es\/wp-json\/wp\/v2\/pages\/248879\/revisions"}],"wp:attachment":[{"href":"https:\/\/ellegi.com\/es\/wp-json\/wp\/v2\/media?parent=248879"}],"curies":[{"name":"wp","href":"https:\/\/api.w.org\/{rel}","templated":true}]}}