{"id":253733,"date":"2024-06-11T15:53:21","date_gmt":"2024-06-11T13:53:21","guid":{"rendered":"https:\/\/ellegi.com\/denuncia-de-irregularidades\/"},"modified":"2024-06-11T15:53:44","modified_gmt":"2024-06-11T13:53:44","slug":"denuncia-de-irregularidades","status":"publish","type":"page","link":"https:\/\/ellegi.com\/pt-br\/denuncia-de-irregularidades\/","title":{"rendered":"Den\u00fancia de irregularidades"},"content":{"rendered":"[et_pb_section fb_built=&#8221;1&#8243; admin_label=&#8221;Contatti &#8211; titolo principale&#8221; _builder_version=&#8221;4.16&#8243; _module_preset=&#8221;default&#8221; background_color=&#8221;#fcbd1b&#8221; custom_padding=&#8221;111px||45px|||&#8221; global_colors_info=&#8221;{}&#8221;][et_pb_row use_custom_gutter=&#8221;on&#8221; gutter_width=&#8221;1&#8243; make_equal=&#8221;on&#8221; _builder_version=&#8221;4.16&#8243; _module_preset=&#8221;default&#8221; width=&#8221;500px&#8221; width_tablet=&#8221;400px&#8221; width_phone=&#8221;&#8221; width_last_edited=&#8221;on|tablet&#8221; overflow-x=&#8221;hidden&#8221; custom_padding=&#8221;0px||0px||false|false&#8221; global_colors_info=&#8221;{}&#8221;][et_pb_column type=&#8221;4_4&#8243; _builder_version=&#8221;4.16&#8243; _module_preset=&#8221;default&#8221; global_colors_info=&#8221;{}&#8221;][et_pb_text _builder_version=&#8221;4.16&#8243; _module_preset=&#8221;c4731467-a79e-4ec1-9cf3-7b556cf8a39c&#8221; global_colors_info=&#8221;{}&#8221;]\n<h2>06<\/h2>\n<p><span><\/span><\/p>\n[\/et_pb_text][et_pb_text _builder_version=&#8221;4.16&#8243; _module_preset=&#8221;96e9bf89-a87f-457c-b304-aadbf360ab1a&#8221; global_colors_info=&#8221;{}&#8221;]\n<h3><span>Nossas informa\u00e7\u00f5es<\/span><\/h3>\n[\/et_pb_text][et_pb_text _builder_version=&#8221;4.23.1&#8243; _module_preset=&#8221;684ae210-dce5-4063-8021-75b508bd5af1&#8243; global_colors_info=&#8221;{}&#8221;]\n<h1>Den\u00fancia de irregularidades<\/h1>\n[\/et_pb_text][\/et_pb_column][\/et_pb_row][\/et_pb_section][et_pb_section fb_built=&#8221;1&#8243; _builder_version=&#8221;4.16&#8243; global_colors_info=&#8221;{}&#8221;][et_pb_row _builder_version=&#8221;4.16&#8243; background_size=&#8221;initial&#8221; background_position=&#8221;top_left&#8221; background_repeat=&#8221;repeat&#8221; width=&#8221;80%&#8221; global_colors_info=&#8221;{}&#8221;][et_pb_column type=&#8221;4_4&#8243; _builder_version=&#8221;4.16&#8243; custom_padding=&#8221;|||&#8221; global_colors_info=&#8221;{}&#8221; custom_padding__hover=&#8221;|||&#8221;][et_pb_text _builder_version=&#8221;4.23.1&#8243; _module_preset=&#8221;_initial&#8221; text_text_color=&#8221;#333333&#8243; ul_text_color=&#8221;#333333&#8243; width_tablet=&#8221;&#8221; width_phone=&#8221;100%&#8221; width_last_edited=&#8221;on|phone&#8221; global_colors_info=&#8221;{}&#8221;]\n<h2>RELAT\u00d3RIOS DE DEN\u00daNCIAS<\/h2>\n<p>Na implementa\u00e7\u00e3o do Decreto Legislativo de 10 de mar\u00e7o de 2023, n\u00ba. 24, a Ellegi S.p.A. estabeleceu os canais prescritos para receber e gerenciar relat\u00f3rios de den\u00fancias.<\/p>\n<h3>QUEM PODE DENUNCIAR?<\/h3>\n<ul>\n<li>Acionistas e pessoas com fun\u00e7\u00f5es de administra\u00e7\u00e3o, gerenciamento, controle, supervis\u00e3o ou representa\u00e7\u00e3o, mesmo que tais fun\u00e7\u00f5es sejam exercidas de fato, na Ellegi S.p.A;<\/li>\n<li>Funcion\u00e1rios, estagi\u00e1rios, trabalhadores aut\u00f4nomos, freelancers e consultores que trabalham para a Ellegi S.p.A;<\/li>\n<li>Indiv\u00edduos que ocuparam as fun\u00e7\u00f5es acima mencionadas no passado, se as informa\u00e7\u00f5es sobre viola\u00e7\u00f5es foram adquiridas durante o curso do relacionamento, e indiv\u00edduos com os quais o relacionamento ainda n\u00e3o surgiu &#8211; por exemplo, candidatos para sele\u00e7\u00e3o de pessoal ou funcion\u00e1rios durante o per\u00edodo de experi\u00eancia.<\/li>\n<\/ul>\n<h3>\u00c1REAS DE POSS\u00cdVEIS RELAT\u00d3RIOS<\/h3>\n<p>A lista \u00e9 muito articulada e complexa. Para fins de integridade, consulte a Leg. <sup style=\"font-size: 14px;\">24\/20231<\/sup>.<\/p>\n<h3><\/h3>\n<h3>CANAIS DE SINALIZA\u00c7\u00c3O<\/h3>\n[\/et_pb_text][et_pb_blurb use_icon=&#8221;on&#8221; font_icon=&#8221;&#xe090;||divi||400&#8243; icon_placement=&#8221;left&#8221; image_icon_width=&#8221;30px&#8221; content_max_width=&#8221;100%&#8221; _builder_version=&#8221;4.23.1&#8243; _module_preset=&#8221;default&#8221; header_line_height=&#8221;1.8em&#8221; body_line_height=&#8221;1.3em&#8221; module_alignment=&#8221;left&#8221; global_colors_info=&#8221;{}&#8221;]\n<p>N\u00famero gratuito<\/p>\n<p><a href=\"tel:800231670\">800 &#8211; 231 &#8211; 670<\/a><\/p>\n<p><span style=\"font-size: 14px;\">A chamada \u00e9 gravada<\/span><\/p>\n[\/et_pb_blurb][et_pb_blurb use_icon=&#8221;on&#8221; font_icon=&#8221;&#xe076;||divi||400&#8243; icon_placement=&#8221;left&#8221; image_icon_width=&#8221;30px&#8221; content_max_width=&#8221;100%&#8221; _builder_version=&#8221;4.23.1&#8243; _module_preset=&#8221;default&#8221; header_line_height=&#8221;1.8em&#8221; body_line_height=&#8221;1.3em&#8221; module_alignment=&#8221;left&#8221; global_colors_info=&#8221;{}&#8221;]\n<p>Endere\u00e7o de e-mail<\/p>\n<p><a href=\"mailto:ellegispa_whistleblowing@complegal.it\">ellegispa_whistleblowing@complegal.it<\/a><sup style=\"font-size: 14px;\">2<\/sup><\/p>\n[\/et_pb_blurb][et_pb_blurb use_icon=&#8221;on&#8221; font_icon=&#8221;&#xe065;||divi||400&#8243; icon_placement=&#8221;left&#8221; image_icon_width=&#8221;30px&#8221; content_max_width=&#8221;100%&#8221; _builder_version=&#8221;4.23.1&#8243; _module_preset=&#8221;default&#8221; header_line_height=&#8221;1.8em&#8221; body_line_height=&#8221;1.3em&#8221; module_alignment=&#8221;left&#8221; global_colors_info=&#8221;{}&#8221;]\n<p>O denunciante tamb\u00e9m tem o direito de solicitar uma reuni\u00e3o presencial com um profissional externo \u00e0 empresa, que gerencia o canal para conferir o relato em uma entrevista confidencial; ser\u00e1 suficiente fazer a solicita\u00e7\u00e3o por meio de um dos dois canais indicados acima, deixando um endere\u00e7o de contato.<\/p>\n[\/et_pb_blurb][et_pb_text _builder_version=&#8221;4.23.1&#8243; _module_preset=&#8221;_initial&#8221; text_text_color=&#8221;#333333&#8243; ul_text_color=&#8221;#333333&#8243; width_tablet=&#8221;&#8221; width_phone=&#8221;100%&#8221; width_last_edited=&#8221;on|phone&#8221; global_colors_info=&#8221;{}&#8221;]\n<p>&nbsp;<\/p>\n<h3><\/h3>\n<h3>MATERIAL INFORMATIVO:<\/h3>\n[\/et_pb_text][et_pb_blurb use_icon=&#8221;on&#8221; font_icon=&#8221;&#xf019;||fa||900&#8243; icon_placement=&#8221;left&#8221; image_icon_width=&#8221;30px&#8221; content_max_width=&#8221;100%&#8221; _builder_version=&#8221;4.23.4&#8243; _module_preset=&#8221;default&#8221; header_line_height=&#8221;1.8em&#8221; body_line_height=&#8221;1.3em&#8221; module_alignment=&#8221;left&#8221; link_option_url=&#8221;https:\/\/ellegi.com\/wp-content\/uploads\/2024\/01\/INFORMATIVA-TRATTAMENTO-DATI-PERSONALI-DEI-SEGNALANTI.pdf&#8221; hover_enabled=&#8221;0&#8243; global_colors_info=&#8221;{}&#8221; link_option_url_new_window=&#8221;on&#8221; sticky_enabled=&#8221;0&#8243;]\n<p>Informa\u00e7\u00f5es sobre o processamento de dados pessoais de denunciantes<\/p>\n[\/et_pb_blurb][et_pb_blurb use_icon=&#8221;on&#8221; font_icon=&#8221;&#xf019;||fa||900&#8243; icon_placement=&#8221;left&#8221; image_icon_width=&#8221;30px&#8221; content_max_width=&#8221;100%&#8221; _builder_version=&#8221;4.23.4&#8243; _module_preset=&#8221;default&#8221; header_line_height=&#8221;1.8em&#8221; body_line_height=&#8221;1.3em&#8221; module_alignment=&#8221;left&#8221; link_option_url=&#8221;https:\/\/ellegi.com\/wp-content\/uploads\/2024\/01\/PROCEDURA-WHISTLEBLOWING.pdf&#8221; hover_enabled=&#8221;0&#8243; global_colors_info=&#8221;{}&#8221; link_option_url_new_window=&#8221;on&#8221; sticky_enabled=&#8221;0&#8243;]\n<p>Procedimento de den\u00fancia de irregularidades<\/p>\n[\/et_pb_blurb][et_pb_divider color=&#8221;#FCBD1B&#8221; divider_weight=&#8221;6px&#8221; _builder_version=&#8221;4.23.1&#8243; _module_preset=&#8221;default&#8221; width=&#8221;45px&#8221; custom_padding=&#8221;30px||0px||false|false&#8221; global_colors_info=&#8221;{}&#8221;][\/et_pb_divider][et_pb_text _builder_version=&#8221;4.23.1&#8243; _module_preset=&#8221;_initial&#8221; text_text_color=&#8221;#333333&#8243; ul_text_color=&#8221;#333333&#8243; ol_font_size=&#8221;15px&#8221; width_tablet=&#8221;&#8221; width_phone=&#8221;100%&#8221; width_last_edited=&#8221;on|phone&#8221; custom_padding=&#8221;0px||0px||false|false&#8221; global_colors_info=&#8221;{}&#8221;]\n<ol>\n<li>Como regra geral, as viola\u00e7\u00f5es dos regulamentos da Uni\u00e3o Europeia que prejudicam o interesse p\u00fablico ou a integridade da Empresa, das quais o relator tomou conhecimento no contexto de seu trabalho, consistindo em conduta ilegal relevante de acordo com o Decreto 231\/2001 ou viola\u00e7\u00f5es do Modelo 231, se adotado; infra\u00e7\u00f5es que se enquadram no escopo de atos da Uni\u00e3o Europeia ou nacionais ou atos nacionais que implementam atos da Uni\u00e3o Europeia sobre contratos p\u00fablicos; servi\u00e7os, produtos e mercados financeiros e preven\u00e7\u00e3o de lavagem de dinheiro e financiamento do terrorismo; seguran\u00e7a e conformidade de produtos; seguran\u00e7a de transportes; prote\u00e7\u00e3o ambiental; prote\u00e7\u00e3o contra radia\u00e7\u00e3o e seguran\u00e7a nuclear; seguran\u00e7a de alimentos e ra\u00e7\u00f5es e sa\u00fade e bem-estar animal; sa\u00fade p\u00fablica; prote\u00e7\u00e3o do consumidor; prote\u00e7\u00e3o da privacidade e prote\u00e7\u00e3o de dados pessoais e seguran\u00e7a de redes e sistemas de informa\u00e7\u00e3o; atos ou omiss\u00f5es que afetem os interesses financeiros da Uni\u00e3o Europeia referidos no Art. 325 do Tratado sobre o Funcionamento da Uni\u00e3o Europeia; atos ou omiss\u00f5es relacionados ao mercado interno, referidos no Art. 26(2) T.F.U.E. (incluindo infra\u00e7\u00f5es em quest\u00f5es de concorr\u00eancia e aux\u00edlio estatal e em quest\u00f5es de imposto corporativo); atos ou condutas que, embora n\u00e3o constituam crime, frustrem o objeto ou a finalidade das disposi\u00e7\u00f5es dos atos da Uni\u00e3o nas \u00e1reas mencionadas acima.<\/li>\n<li>Para proteger a confidencialidade do denunciante, se ele n\u00e3o quiser consentir com a divulga\u00e7\u00e3o de sua identidade, os relat\u00f3rios escritos devem ser enviados de caixas de e-mail pessoais, e n\u00e3o da empresa (portanto, os relat\u00f3rios n\u00e3o devem ser enviados de caixas de dom\u00ednio da empresa).<\/li>\n<\/ol>\n<div class=\"page-title-holder\"><\/div>\n<div class=\"two_third\">\n<p>&nbsp;<\/p>\n<\/div>\n[\/et_pb_text][\/et_pb_column][\/et_pb_row][\/et_pb_section]\n","protected":false},"excerpt":{"rendered":"<p>06 Nossas informa\u00e7\u00f5esDen\u00fancia de irregularidadesRELAT\u00d3RIOS DE DEN\u00daNCIAS Na implementa\u00e7\u00e3o do Decreto Legislativo de 10 de mar\u00e7o de 2023, n\u00ba. 24, a Ellegi S.p.A. estabeleceu os canais prescritos para receber e gerenciar relat\u00f3rios de den\u00fancias. QUEM PODE DENUNCIAR? Acionistas e pessoas com fun\u00e7\u00f5es de administra\u00e7\u00e3o, gerenciamento, controle, supervis\u00e3o ou representa\u00e7\u00e3o, mesmo que tais fun\u00e7\u00f5es sejam exercidas [&hellip;]<\/p>\n","protected":false},"author":16,"featured_media":0,"parent":0,"menu_order":0,"comment_status":"closed","ping_status":"closed","template":"","meta":{"_et_pb_use_builder":"on","_et_pb_old_content":"","_et_gb_content_width":"","inline_featured_image":false,"footnotes":""},"class_list":["post-253733","page","type-page","status-publish","hentry"],"_links":{"self":[{"href":"https:\/\/ellegi.com\/pt-br\/wp-json\/wp\/v2\/pages\/253733","targetHints":{"allow":["GET"]}}],"collection":[{"href":"https:\/\/ellegi.com\/pt-br\/wp-json\/wp\/v2\/pages"}],"about":[{"href":"https:\/\/ellegi.com\/pt-br\/wp-json\/wp\/v2\/types\/page"}],"author":[{"embeddable":true,"href":"https:\/\/ellegi.com\/pt-br\/wp-json\/wp\/v2\/users\/16"}],"replies":[{"embeddable":true,"href":"https:\/\/ellegi.com\/pt-br\/wp-json\/wp\/v2\/comments?post=253733"}],"version-history":[{"count":0,"href":"https:\/\/ellegi.com\/pt-br\/wp-json\/wp\/v2\/pages\/253733\/revisions"}],"wp:attachment":[{"href":"https:\/\/ellegi.com\/pt-br\/wp-json\/wp\/v2\/media?parent=253733"}],"curies":[{"name":"wp","href":"https:\/\/api.w.org\/{rel}","templated":true}]}}