{"id":253791,"date":"2024-06-11T15:55:59","date_gmt":"2024-06-11T13:55:59","guid":{"rendered":"https:\/\/ellegi.com\/certificacao\/"},"modified":"2024-06-11T15:56:24","modified_gmt":"2024-06-11T13:56:24","slug":"certificacao","status":"publish","type":"page","link":"https:\/\/ellegi.com\/pt-br\/como\/certificacao\/","title":{"rendered":"Certifica\u00e7\u00e3o"},"content":{"rendered":"[et_pb_section fb_built=&#8221;1&#8243; admin_label=&#8221;Contatti &#8211; titolo principale&#8221; _builder_version=&#8221;4.9.2&#8243; _module_preset=&#8221;default&#8221; background_color=&#8221;#fcbd1b&#8221; custom_padding=&#8221;111px||45px|||&#8221;][et_pb_row use_custom_gutter=&#8221;on&#8221; gutter_width=&#8221;1&#8243; make_equal=&#8221;on&#8221; _builder_version=&#8221;4.9.2&#8243; _module_preset=&#8221;default&#8221; width=&#8221;670px&#8221; width_tablet=&#8221;520px&#8221; width_phone=&#8221;&#8221; width_last_edited=&#8221;on|tablet&#8221; overflow-x=&#8221;hidden&#8221; custom_padding=&#8221;0px||0px||false|false&#8221;][et_pb_column type=&#8221;4_4&#8243; _builder_version=&#8221;4.9.2&#8243; _module_preset=&#8221;default&#8221;][et_pb_text _builder_version=&#8221;4.9.2&#8243; _module_preset=&#8221;c4731467-a79e-4ec1-9cf3-7b556cf8a39c&#8221;]\n<h2>03<\/h2>\n<p><span><\/span><\/p>\n[\/et_pb_text][et_pb_text _builder_version=&#8221;4.9.2&#8243; _module_preset=&#8221;96e9bf89-a87f-457c-b304-aadbf360ab1a&#8221;]\n<h3><span>Como trabalhamos<\/span><\/h3>\n[\/et_pb_text][et_pb_text _builder_version=&#8221;4.9.2&#8243; _module_preset=&#8221;684ae210-dce5-4063-8021-75b508bd5af1&#8243;]\n<h1>Nossa qualidade<\/h1>\n[\/et_pb_text][\/et_pb_column][\/et_pb_row][\/et_pb_section][et_pb_section fb_built=&#8221;1&#8243; admin_label=&#8221;Certificazioni &#8211; testo principale&#8221; _builder_version=&#8221;4.9.2&#8243; _module_preset=&#8221;bbbcfe56-4f59-4b53-a8a9-43acaeaadbc1&#8243; background_image=&#8221;https:\/\/ellegi.com\/wp-content\/uploads\/\/2021\/04\/Curva_alto_dx.svg&#8221; background_size=&#8221;initial&#8221; background_position=&#8221;top_right&#8221;][et_pb_row _builder_version=&#8221;4.7.7&#8243; _module_preset=&#8221;5727d1f3-f73b-4cb8-ac3c-40e08483bea9&#8243;][et_pb_column type=&#8221;4_4&#8243; _builder_version=&#8221;4.7.7&#8243; _module_preset=&#8221;default&#8221;][et_pb_text _builder_version=&#8221;4.9.2&#8243; _module_preset=&#8221;1d897dec-6a6e-4d57-8584-5fde35f7f136&#8243;]\n<h2>Al\u00e9m do conceito de qualidade<\/h2>\n<h3>Conhecimento integrado visando \u00e0 excel\u00eancia<\/h3>\n[\/et_pb_text][et_pb_text _builder_version=&#8221;4.9.2&#8243; _module_preset=&#8221;1a483ecb-8bc7-416f-b54d-6f0b792e2fae&#8221; width=&#8221;75%&#8221; custom_margin=&#8221;0px||56px||false|false&#8221;]\n<p>Trabalhamos todos os dias com <strong>um objetivo<\/strong> em mente: ir muito al\u00e9m do conceito de Qualidade para <strong>alcan\u00e7ar<\/strong> <strong>a Excel\u00eancia<\/strong>, tanto em produtos quanto em servi\u00e7os. Para n\u00f3s, o erro \u00e9 uma rara exce\u00e7\u00e3o e isso \u00e9 poss\u00edvel gra\u00e7as a uma <strong>metodologia de trabalho integrada<\/strong> entre as diferentes compet\u00eancias de nossas unidades de neg\u00f3cios.<\/p>\n<p><span>Essa tem sido nossa abordagem desde 1977, uma abordagem que visa \u00e0<strong>an\u00e1lise constante do processo<\/strong> com o objetivo de <strong>aprimoramento cont\u00ednuo<\/strong>. Uma garantia que se baseia, em primeiro lugar, em nossa vasta experi\u00eancia e, al\u00e9m disso, no <strong>reconhecimento<\/strong> <strong>formal<\/strong> pelos \u00f3rg\u00e3os relevantes.<\/span><\/p>\n<p><span>Na verdade, optamos por integrar processos de controle de qualidade rigorosos e altamente especializados que nos permitem fazer a diferen\u00e7a no resultado final. Somos <strong>certificados<\/strong> de acordo com a norma <strong>UNI EN ISO 9001:2015<\/strong>.<\/span><\/p>\n[\/et_pb_text][et_pb_image src=&#8221;https:\/\/ellegi.com\/wp-content\/uploads\/2024\/10\/certificazioni-EN-1.png&#8221; title_text=&#8221;certifica\u00e7\u00f5es&#8221; url=&#8221;https:\/\/ellegi.com\/wp-content\/uploads\/2024\/10\/ELLEGI-9001_2015-Certificato_IT0711035_5-eng-Expiration-15.10.27.pdf&#8221; url_new_window=&#8221;on&#8221; align=&#8221;center&#8221; _builder_version=&#8221;4.9.4&#8243; _module_preset=&#8221;default&#8221; width=&#8221;25%&#8221; animation_style=&#8221;slide&#8221; animation_direction=&#8221;bottom&#8221; animation_intensity_slide=&#8221;20%&#8221; hover_enabled=&#8221;0&#8243; sticky_enabled=&#8221;0&#8243;][\/et_pb_image][et_pb_button button_url=&#8221;https:\/\/ellegi.com\/wp-content\/uploads\/2024\/10\/ELLEGI-9001_2015-Certificato_IT0711035_5-eng-Expiration-15.10.27.pdf&#8221; url_new_window=&#8221;on&#8221; button_text=&#8221;Fa\u00e7a o download de nossa certifica\u00e7\u00e3o&#8221; _builder_version=&#8221;4.9.4&#8243; _module_preset=&#8221;b4caf505-5891-4379-98a4-6a61bfef9eeb&#8221; hover_enabled=&#8221;0&#8243; sticky_enabled=&#8221;0&#8243;][\/et_pb_button][\/et_pb_column][\/et_pb_row][\/et_pb_section][et_pb_section fb_built=&#8221;1&#8243; admin_label=&#8221;Certificazione &#8211; due bu&#8221; _builder_version=&#8221;4.9.2&#8243; _module_preset=&#8221;_initial&#8221; background_color=&#8221;#FFFFFF&#8221;][et_pb_row column_structure=&#8221;1_3,2_3&#8243; module_class=&#8221;centra_contenuto_mobile&#8221; _builder_version=&#8221;4.9.4&#8243; _module_preset=&#8221;f14df2b1-b95f-489e-a142-84f23139cdc7&#8243; width_tablet=&#8221;&#8221; width_phone=&#8221;100%&#8221; width_last_edited=&#8221;on|phone&#8221; global_module=&#8221;235045&#8243; saved_tabs=&#8221;all&#8221;][et_pb_column type=&#8221;1_3&#8243; _builder_version=&#8221;4.7.7&#8243; _module_preset=&#8221;default&#8221; background_color=&#8221;#333333&#8243; background_image=&#8221;https:\/\/ellegi.com\/wp-content\/uploads\/2025\/03\/WGE_pattern.png&#8221; parallax=&#8221;on&#8221;][et_pb_divider show_divider=&#8221;off&#8221; disabled_on=&#8221;off|off|on&#8221; _builder_version=&#8221;4.9.4&#8243; _module_preset=&#8221;default&#8221; min_height=&#8221;180px&#8221;][\/et_pb_divider][\/et_pb_column][et_pb_column type=&#8221;2_3&#8243; module_class=&#8221;bottone-allineato&#8221; _builder_version=&#8221;4.9.2&#8243; _module_preset=&#8221;default&#8221; background_color=&#8221;#ffffff&#8221; custom_padding=&#8221;60px|40px|60px|40px|false|true&#8221;][et_pb_text _builder_version=&#8221;4.9.2&#8243; _module_preset=&#8221;badb7fa5-00dc-44e7-a5cd-18b724b23a01&#8243;]\n<h2>Duas unidades de neg\u00f3cios<\/h2>\n<h3><span>OEM e Aftermarket: dois elos da mesma corrente<\/span><\/h3>\n[\/et_pb_text][et_pb_text _builder_version=&#8221;4.9.2&#8243; _module_preset=&#8221;2fa55ecb-cc36-458a-bbf1-8a0aeb26e909&#8243;]\n<p><span>As duas <strong>unidades de neg\u00f3cios<\/strong> da <strong>World Gasket Ellegi<\/strong> desenvolvem uma abordagem integrada para <strong>aprimorar<\/strong> constantemente a experi\u00eancia <strong>da empresa<\/strong>, integrando <strong>o know-how<\/strong> relacionado a mercados espec\u00edficos para aumentar a proposta de<strong> valor<\/strong> para o cliente.<\/span><\/p>\n[\/et_pb_text][et_pb_button button_url=&#8221;@ET-DC@eyJkeW5hbWljIjp0cnVlLCJjb250ZW50IjoicG9zdF9saW5rX3VybF9wYWdlIiwic2V0dGluZ3MiOnsicG9zdF9pZCI6IjIzNTExOCJ9fQ==@&#8221; button_text=&#8221;OEM&#8221; _builder_version=&#8221;4.9.4&#8243; _dynamic_attributes=&#8221;button_url&#8221; _module_preset=&#8221;b4caf505-5891-4379-98a4-6a61bfef9eeb&#8221; custom_margin=&#8221;50px|20px|||false|false&#8221; custom_margin_tablet=&#8221;|0px|||false|false&#8221; custom_margin_phone=&#8221;&#8221; custom_margin_last_edited=&#8221;on|tablet&#8221;][\/et_pb_button][et_pb_button button_url=&#8221;@ET-DC@eyJkeW5hbWljIjp0cnVlLCJjb250ZW50IjoicG9zdF9saW5rX3VybF9wYWdlIiwic2V0dGluZ3MiOnsicG9zdF9pZCI6IjIzNTEyNSJ9fQ==@&#8221; button_text=&#8221;P\u00d3S-MERCADO&#8221; _builder_version=&#8221;4.9.4&#8243; _dynamic_attributes=&#8221;button_url&#8221; _module_preset=&#8221;b4caf505-5891-4379-98a4-6a61bfef9eeb&#8221; custom_padding_tablet=&#8221;&#8221; custom_padding_phone=&#8221;19px|40px|19px|40px|true|true&#8221; custom_padding_last_edited=&#8221;on|phone&#8221;][\/et_pb_button][\/et_pb_column][\/et_pb_row][\/et_pb_section][et_pb_section fb_built=&#8221;1&#8243; _builder_version=&#8221;4.9.2&#8243; _module_preset=&#8221;default&#8221; min_height=&#8221;160px&#8221;][\/et_pb_section]\n","protected":false},"excerpt":{"rendered":"<p>03 Como trabalhamosNossa qualidadeAl\u00e9m do conceito de qualidade Conhecimento integrado visando \u00e0 excel\u00eanciaTrabalhamos todos os dias com um objetivo em mente: ir muito al\u00e9m do conceito de Qualidade para alcan\u00e7ar a Excel\u00eancia, tanto em produtos quanto em servi\u00e7os. Para n\u00f3s, o erro \u00e9 uma rara exce\u00e7\u00e3o e isso \u00e9 poss\u00edvel gra\u00e7as a uma metodologia de [&hellip;]<\/p>\n","protected":false},"author":16,"featured_media":0,"parent":253827,"menu_order":0,"comment_status":"closed","ping_status":"closed","template":"","meta":{"_et_pb_use_builder":"on","_et_pb_old_content":"","_et_gb_content_width":"","inline_featured_image":false,"footnotes":""},"class_list":["post-253791","page","type-page","status-publish","hentry"],"_links":{"self":[{"href":"https:\/\/ellegi.com\/pt-br\/wp-json\/wp\/v2\/pages\/253791","targetHints":{"allow":["GET"]}}],"collection":[{"href":"https:\/\/ellegi.com\/pt-br\/wp-json\/wp\/v2\/pages"}],"about":[{"href":"https:\/\/ellegi.com\/pt-br\/wp-json\/wp\/v2\/types\/page"}],"author":[{"embeddable":true,"href":"https:\/\/ellegi.com\/pt-br\/wp-json\/wp\/v2\/users\/16"}],"replies":[{"embeddable":true,"href":"https:\/\/ellegi.com\/pt-br\/wp-json\/wp\/v2\/comments?post=253791"}],"version-history":[{"count":0,"href":"https:\/\/ellegi.com\/pt-br\/wp-json\/wp\/v2\/pages\/253791\/revisions"}],"up":[{"embeddable":true,"href":"https:\/\/ellegi.com\/pt-br\/wp-json\/wp\/v2\/pages\/253827"}],"wp:attachment":[{"href":"https:\/\/ellegi.com\/pt-br\/wp-json\/wp\/v2\/media?parent=253791"}],"curies":[{"name":"wp","href":"https:\/\/api.w.org\/{rel}","templated":true}]}}