{"id":253827,"date":"2024-06-11T15:56:10","date_gmt":"2024-06-11T13:56:10","guid":{"rendered":"https:\/\/ellegi.com\/como\/"},"modified":"2024-06-11T15:56:24","modified_gmt":"2024-06-11T13:56:24","slug":"como","status":"publish","type":"page","link":"https:\/\/ellegi.com\/pt-br\/como\/","title":{"rendered":"Como"},"content":{"rendered":"[et_pb_section fb_built=&#8221;1&#8243; admin_label=&#8221;Contatti &#8211; titolo principale&#8221; _builder_version=&#8221;4.9.2&#8243; _module_preset=&#8221;default&#8221; background_color=&#8221;#fcbd1b&#8221; custom_padding=&#8221;111px||45px|||&#8221;][et_pb_row use_custom_gutter=&#8221;on&#8221; gutter_width=&#8221;1&#8243; make_equal=&#8221;on&#8221; _builder_version=&#8221;4.9.2&#8243; _module_preset=&#8221;default&#8221; width=&#8221;690px&#8221; width_tablet=&#8221;528px&#8221; width_phone=&#8221;&#8221; width_last_edited=&#8221;on|tablet&#8221; overflow-x=&#8221;hidden&#8221; custom_padding=&#8221;0px||0px||false|false&#8221;][et_pb_column type=&#8221;4_4&#8243; _builder_version=&#8221;4.9.2&#8243; _module_preset=&#8221;default&#8221;][et_pb_text _builder_version=&#8221;4.9.2&#8243; _module_preset=&#8221;c4731467-a79e-4ec1-9cf3-7b556cf8a39c&#8221;]\n<h2>03<\/h2>\n<p><span><\/span><\/p>\n[\/et_pb_text][et_pb_text _builder_version=&#8221;4.9.2&#8243; _module_preset=&#8221;96e9bf89-a87f-457c-b304-aadbf360ab1a&#8221;]\n<h3><span>Como trabalhamos<\/span><\/h3>\n[\/et_pb_text][et_pb_text _builder_version=&#8221;4.9.2&#8243; _module_preset=&#8221;684ae210-dce5-4063-8021-75b508bd5af1&#8243;]\n<h1>Nosso ciclo de produ\u00e7\u00e3o<\/h1>\n[\/et_pb_text][\/et_pb_column][\/et_pb_row][\/et_pb_section][et_pb_section fb_built=&#8221;1&#8243; admin_label=&#8221;Come &#8211; testo principale&#8221; _builder_version=&#8221;4.9.2&#8243; _module_preset=&#8221;bbbcfe56-4f59-4b53-a8a9-43acaeaadbc1&#8243; background_color=&#8221;#f9f9f9&#8243; background_image=&#8221;https:\/\/ellegi.com\/wp-content\/uploads\/\/2021\/04\/Curva_alto_dx.svg&#8221; background_size=&#8221;initial&#8221; background_position=&#8221;top_right&#8221;][et_pb_row column_structure=&#8221;1_2,1_2&#8243; _builder_version=&#8221;4.9.4&#8243; _module_preset=&#8221;5727d1f3-f73b-4cb8-ac3c-40e08483bea9&#8243; hover_enabled=&#8221;0&#8243; sticky_enabled=&#8221;0&#8243; custom_padding_last_edited=&#8221;on|tablet&#8221; custom_padding_tablet=&#8221;||0px||false|false&#8221;][et_pb_column type=&#8221;1_2&#8243; _builder_version=&#8221;4.9.4&#8243; _module_preset=&#8221;default&#8221; hover_enabled=&#8221;0&#8243; sticky_enabled=&#8221;0&#8243;][et_pb_blurb title=&#8221;Escolha da mat\u00e9ria-prima&#8221; image=&#8221;https:\/\/ellegi.com\/wp-content\/uploads\/\/2021\/03\/I.svg&#8221; _builder_version=&#8221;4.7.7&#8243; _module_preset=&#8221;26fbbda6-1a55-4bf2-b08c-226ebd2ee552&#8243;]\n<p>Sele\u00e7\u00e3o de fornecedores e mat\u00e9rias-primas com base em um conhecimento profundo de materiais e elast\u00f4meros em particular.<\/p>\n[\/et_pb_blurb][\/et_pb_column][et_pb_column type=&#8221;1_2&#8243; _builder_version=&#8221;4.9.4&#8243; _module_preset=&#8221;default&#8221; hover_enabled=&#8221;0&#8243; sticky_enabled=&#8221;0&#8243;][et_pb_blurb title=&#8221;Projeto e fabrica\u00e7\u00e3o de moldes&#8221; image=&#8221;https:\/\/ellegi.com\/wp-content\/uploads\/\/2021\/03\/II.svg&#8221; _builder_version=&#8221;4.7.7&#8243; _module_preset=&#8221;26fbbda6-1a55-4bf2-b08c-226ebd2ee552&#8243; animation_delay=&#8221;200ms&#8221;]\n<p><span>Fabrica\u00e7\u00e3o de moldes com os melhores equipamentos tecnol\u00f3gicos para prever, executar e testar solu\u00e7\u00f5es que atendam \u00e0s expectativas dos clientes.<\/span><\/p>\n[\/et_pb_blurb][\/et_pb_column][\/et_pb_row][et_pb_row column_structure=&#8221;1_2,1_2&#8243; _builder_version=&#8221;4.7.7&#8243; _module_preset=&#8221;5727d1f3-f73b-4cb8-ac3c-40e08483bea9&#8243; global_colors_info=&#8221;{}&#8221; custom_padding_last_edited=&#8221;on|tablet&#8221; custom_padding_tablet=&#8221;||0px||false|false&#8221;][et_pb_column type=&#8221;1_2&#8243; _builder_version=&#8221;4.7.7&#8243; _module_preset=&#8221;default&#8221;][et_pb_blurb title=&#8221;Moldagem de produtos&#8221; image=&#8221;https:\/\/ellegi.com\/wp-content\/uploads\/\/2021\/03\/III.svg&#8221; _builder_version=&#8221;4.7.7&#8243; _module_preset=&#8221;26fbbda6-1a55-4bf2-b08c-226ebd2ee552&#8243; animation_delay=&#8221;400ms&#8221;]\n<p><span>O produto \u00e9 moldado usando as tecnologias de moldagem por inje\u00e7\u00e3o (IM) e moldagem por compress\u00e3o.<\/span><\/p>\n[\/et_pb_blurb][\/et_pb_column][et_pb_column type=&#8221;1_2&#8243; _builder_version=&#8221;4.7.7&#8243; _module_preset=&#8221;default&#8221;][et_pb_blurb title=&#8221;Processamento adicional&#8221; image=&#8221;https:\/\/ellegi.com\/wp-content\/uploads\/\/2021\/03\/IV.svg&#8221; _builder_version=&#8221;4.7.7&#8243; _module_preset=&#8221;26fbbda6-1a55-4bf2-b08c-226ebd2ee552&#8243; animation_delay=&#8221;600ms&#8221;]\n<p>Conclus\u00e3o do ciclo de produ\u00e7\u00e3o com rebarba\u00e7\u00e3o, esmerilhamento, p\u00f3s-cura e acabamento de superf\u00edcie com nanotecnologias.<\/p>\n[\/et_pb_blurb][\/et_pb_column][\/et_pb_row][et_pb_row column_structure=&#8221;1_2,1_2&#8243; _builder_version=&#8221;4.7.7&#8243; _module_preset=&#8221;5727d1f3-f73b-4cb8-ac3c-40e08483bea9&#8243; global_colors_info=&#8221;{}&#8221; custom_padding_last_edited=&#8221;on|tablet&#8221; custom_padding_tablet=&#8221;||0px||false|false&#8221;][et_pb_column type=&#8221;1_2&#8243; _builder_version=&#8221;4.7.7&#8243; _module_preset=&#8221;default&#8221;][et_pb_blurb title=&#8221;Inspe\u00e7\u00e3o \/ sele\u00e7\u00e3o e teste&#8221; image=&#8221;https:\/\/ellegi.com\/wp-content\/uploads\/\/2021\/03\/V.svg&#8221; _builder_version=&#8221;4.7.7&#8243; _module_preset=&#8221;26fbbda6-1a55-4bf2-b08c-226ebd2ee552&#8243; animation_delay=&#8221;800ms&#8221;]\n<p><span>Classifica\u00e7\u00e3o autom\u00e1tica e manual de pe\u00e7as por m\u00e1quinas de controle autom\u00e1tico, com testes finais realizados pelo laborat\u00f3rio interno.<\/span><\/p>\n[\/et_pb_blurb][\/et_pb_column][et_pb_column type=&#8221;1_2&#8243; _builder_version=&#8221;4.7.7&#8243; _module_preset=&#8221;default&#8221;][et_pb_blurb title=&#8221;Embalagem e envio&#8221; image=&#8221;https:\/\/ellegi.com\/wp-content\/uploads\/\/2021\/03\/VI.svg&#8221; _builder_version=&#8221;4.7.7&#8243; _module_preset=&#8221;26fbbda6-1a55-4bf2-b08c-226ebd2ee552&#8243; animation_delay=&#8221;1000ms&#8221;]\n<div class=\"raw_components--panel--3IcXg inspect_panels--inspectionPanel--3Wboz\" tabindex=\"-1\">\n<div class=\"parent_component_panel--parentLayerSummaryContainer--23US6\">\n<div class=\"parent_component_panel--parentLayerSummary--1slmh inspect_selection_header--headerSelection--2la3a\">\n<div class=\"inspect_selection_header--headerSelectionName--3QNxZ ellipsis--ellipsis--1RWY6 text--fontPos11--RSei3 text--_fontBase--YWDo0\"><span>Est\u00e1gio final do ciclo de produ\u00e7\u00e3o, durante o qual o produto \u00e9 embalado, empacotado, rotulado e enviado com cuidado e aten\u00e7\u00e3o.<\/span><\/div>\n<\/div>\n<\/div>\n<\/div>\n[\/et_pb_blurb][\/et_pb_column][\/et_pb_row][\/et_pb_section][et_pb_section fb_built=&#8221;1&#8243; admin_label=&#8221;Come &#8211; Perch\u00e8 sceglierci&#8221; _builder_version=&#8221;4.7.7&#8243; _module_preset=&#8221;default&#8221;][et_pb_row _builder_version=&#8221;4.7.7&#8243; _module_preset=&#8221;default&#8221; custom_padding=&#8221;27px||0px|||&#8221;][et_pb_column type=&#8221;4_4&#8243; _builder_version=&#8221;4.7.7&#8243; _module_preset=&#8221;default&#8221;][et_pb_text _builder_version=&#8221;4.9.2&#8243; _module_preset=&#8221;1d897dec-6a6e-4d57-8584-5fde35f7f136&#8243; custom_padding=&#8221;1px|||||&#8221;]\n<h2><b data-stringify-type=\"bold\">Por que escolher a World Gasket Ellegi?<\/b><\/h2>\n<h3><span>Esses s\u00e3o os valores distintivos de nossa empresa.<\/span><\/h3>\n[\/et_pb_text][\/et_pb_column][\/et_pb_row][et_pb_row column_structure=&#8221;1_3,2_3&#8243; make_equal=&#8221;on&#8221; _builder_version=&#8221;4.9.2&#8243; _module_preset=&#8221;default&#8221; width=&#8221;70%&#8221; custom_padding=&#8221;3px|||||&#8221; hover_enabled=&#8221;0&#8243; sticky_enabled=&#8221;0&#8243;][et_pb_column type=&#8221;1_3&#8243; _builder_version=&#8221;4.9.2&#8243; _module_preset=&#8221;default&#8221;][et_pb_text _builder_version=&#8221;4.9.4&#8243; _module_preset=&#8221;2fa55ecb-cc36-458a-bbf1-8a0aeb26e909&#8243; custom_margin=&#8221;0px||6px||false|false&#8221; custom_padding=&#8221;1px||0px|||&#8221; hover_enabled=&#8221;0&#8243; module_class=&#8221;centra_contenuto_mobile&#8221; sticky_enabled=&#8221;0&#8243;]\n<p><span>Seremos mais do que fornecedores, seremos parceiros em sua excel\u00eancia. Como? De uma forma \u00fanica, gra\u00e7as a todos os nossos pontos fortes.<\/span><\/p>\n[\/et_pb_text][\/et_pb_column][et_pb_column type=&#8221;2_3&#8243; _builder_version=&#8221;4.9.2&#8243; _module_preset=&#8221;default&#8221;][et_pb_text _builder_version=&#8221;4.9.2&#8243; _module_preset=&#8221;_initial&#8221; custom_margin=&#8221;0px||-3px||false|false&#8221;]\n<p><strong>Nossos pontos fortes<\/strong><strong><\/strong><\/p>\n<p><strong><\/strong><\/p>\n<ul>\n<li data-stringify-indent=\"0\"><span style=\"color: #333333;\">Linha de produtos: ampla e constantemente atualizada;<\/span><\/li>\n<li data-stringify-indent=\"0\"><span style=\"color: #333333;\">Armaz\u00e9m estendido: estrat\u00e9gico para o fornecimento pontual;<\/span><\/li>\n<li data-stringify-indent=\"0\"><span style=\"color: #333333;\">Embalagem: embalagem inteligente e personaliz\u00e1vel de kits e selos;<\/span><\/li>\n<li><span style=\"color: #333333;\">Mat\u00e9rias-primas: selecionadas e controladas para garantir confiabilidade e qualidade.<\/span><\/li>\n<\/ul>\n[\/et_pb_text][\/et_pb_column][\/et_pb_row][\/et_pb_section][et_pb_section fb_built=&#8221;1&#8243; admin_label=&#8221;Come &#8211; certificazioni&#8221; _builder_version=&#8221;4.7.7&#8243; _module_preset=&#8221;default&#8221; background_color=&#8221;#333333&#8243;][et_pb_row column_structure=&#8221;1_2,1_2&#8243; make_equal=&#8221;on&#8221; _builder_version=&#8221;4.9.4&#8243; _module_preset=&#8221;default&#8221; custom_padding=&#8221;27px||0px|||&#8221; hover_enabled=&#8221;0&#8243; module_class=&#8221;centra_contenuto_mobile&#8221; sticky_enabled=&#8221;0&#8243;][et_pb_column type=&#8221;1_2&#8243; module_class=&#8221;centra-verticale&#8221; _builder_version=&#8221;4.7.7&#8243; _module_preset=&#8221;default&#8221;][et_pb_text _builder_version=&#8221;4.7.7&#8243; _module_preset=&#8221;_initial&#8221; background_layout=&#8221;dark&#8221; custom_padding=&#8221;1px|||||&#8221;]\n<h2>Al\u00e9m do conceito de qualidade<\/h2>\n<h3>Conhecimento integrado visando \u00e0 excel\u00eancia<\/h3>\n[\/et_pb_text][\/et_pb_column][et_pb_column type=&#8221;1_2&#8243; module_class=&#8221;centra-verticale&#8221; _builder_version=&#8221;4.7.7&#8243; _module_preset=&#8221;default&#8221;][et_pb_button button_url=&#8221;@ET-DC@eyJkeW5hbWljIjp0cnVlLCJjb250ZW50IjoicG9zdF9saW5rX3VybF9wYWdlIiwic2V0dGluZ3MiOnsicG9zdF9pZCI6IjIzNTEzNSJ9fQ==@&#8221; button_text=&#8221;Descubra nossa certifica\u00e7\u00e3o&#8221; button_alignment=&#8221;left&#8221; _builder_version=&#8221;4.9.2&#8243; _dynamic_attributes=&#8221;button_url&#8221; _module_preset=&#8221;c7a40d56-4e06-4c06-a52b-4eba65708fff&#8221; custom_margin=&#8221;-25px||||false|false&#8221;][\/et_pb_button][\/et_pb_column][\/et_pb_row][\/et_pb_section][et_pb_section fb_built=&#8221;1&#8243; admin_label=&#8221;Come &#8211; Due business Unit&#8221; _builder_version=&#8221;4.7.7&#8243; _module_preset=&#8221;default&#8221;][et_pb_row column_structure=&#8221;1_3,2_3&#8243; _builder_version=&#8221;4.9.4&#8243; _module_preset=&#8221;f14df2b1-b95f-489e-a142-84f23139cdc7&#8243; hover_enabled=&#8221;0&#8243; global_module=&#8221;235045&#8243; saved_tabs=&#8221;all&#8221; module_class=&#8221;centra_contenuto_mobile&#8221; sticky_enabled=&#8221;0&#8243; width_last_edited=&#8221;on|phone&#8221; width_phone=&#8221;100%&#8221;][et_pb_column type=&#8221;1_3&#8243; _builder_version=&#8221;4.7.7&#8243; _module_preset=&#8221;default&#8221; background_color=&#8221;#333333&#8243; background_image=&#8221;https:\/\/ellegi.com\/wp-content\/uploads\/2025\/03\/WGE_pattern.png&#8221; parallax=&#8221;on&#8221;][et_pb_divider show_divider=&#8221;off&#8221; disabled_on=&#8221;off|off|on&#8221; _builder_version=&#8221;4.9.4&#8243; _module_preset=&#8221;default&#8221; min_height=&#8221;180px&#8221;][\/et_pb_divider][\/et_pb_column][et_pb_column type=&#8221;2_3&#8243; module_class=&#8221;bottone-allineato&#8221; _builder_version=&#8221;4.9.2&#8243; _module_preset=&#8221;default&#8221; background_color=&#8221;#ffffff&#8221; custom_padding=&#8221;60px|40px|60px|40px|false|true&#8221; hover_enabled=&#8221;0&#8243; sticky_enabled=&#8221;0&#8243;][et_pb_text _builder_version=&#8221;4.9.2&#8243; _module_preset=&#8221;badb7fa5-00dc-44e7-a5cd-18b724b23a01&#8243;]\n<h2>Duas unidades de neg\u00f3cios<\/h2>\n<h3><span>OEM e Aftermarket: dois elos da mesma corrente<\/span><\/h3>\n[\/et_pb_text][et_pb_text _builder_version=&#8221;4.9.2&#8243; _module_preset=&#8221;2fa55ecb-cc36-458a-bbf1-8a0aeb26e909&#8243;]\n<p><span>As duas <strong>unidades de neg\u00f3cios<\/strong> da <strong>World Gasket Ellegi<\/strong> desenvolvem uma abordagem integrada para <strong>aprimorar<\/strong> constantemente a experi\u00eancia <strong>da empresa<\/strong>, integrando <strong>o know-how<\/strong> relacionado a mercados espec\u00edficos para aumentar a proposta de<strong> valor<\/strong> para o cliente.<\/span><\/p>\n[\/et_pb_text][et_pb_button button_url=&#8221;@ET-DC@eyJkeW5hbWljIjp0cnVlLCJjb250ZW50IjoicG9zdF9saW5rX3VybF9wYWdlIiwic2V0dGluZ3MiOnsicG9zdF9pZCI6IjIzNTExOCJ9fQ==@&#8221; button_text=&#8221;OEM&#8221; _builder_version=&#8221;4.9.4&#8243; _dynamic_attributes=&#8221;button_url&#8221; _module_preset=&#8221;b4caf505-5891-4379-98a4-6a61bfef9eeb&#8221; custom_margin=&#8221;50px|20px|||false|false&#8221; hover_enabled=&#8221;0&#8243; custom_margin_last_edited=&#8221;on|tablet&#8221; sticky_enabled=&#8221;0&#8243; custom_margin_tablet=&#8221;|0px|||false|false&#8221;][\/et_pb_button][et_pb_button button_url=&#8221;@ET-DC@eyJkeW5hbWljIjp0cnVlLCJjb250ZW50IjoicG9zdF9saW5rX3VybF9wYWdlIiwic2V0dGluZ3MiOnsicG9zdF9pZCI6IjIzNTEyNSJ9fQ==@&#8221; button_text=&#8221;P\u00d3S-MERCADO&#8221; _builder_version=&#8221;4.9.2&#8243; _dynamic_attributes=&#8221;button_url&#8221; _module_preset=&#8221;b4caf505-5891-4379-98a4-6a61bfef9eeb&#8221;][\/et_pb_button][\/et_pb_column][\/et_pb_row][\/et_pb_section][et_pb_section fb_built=&#8221;1&#8243; _builder_version=&#8221;4.9.2&#8243; _module_preset=&#8221;default&#8221; min_height=&#8221;160px&#8221;][\/et_pb_section]\n","protected":false},"excerpt":{"rendered":"<p>03 Como trabalhamosNosso ciclo de produ\u00e7\u00e3oSele\u00e7\u00e3o de fornecedores e mat\u00e9rias-primas com base em um conhecimento profundo de materiais e elast\u00f4meros em particular.Fabrica\u00e7\u00e3o de moldes com os melhores equipamentos tecnol\u00f3gicos para prever, executar e testar solu\u00e7\u00f5es que atendam \u00e0s expectativas dos clientes.O produto \u00e9 moldado usando as tecnologias de moldagem por inje\u00e7\u00e3o (IM) e moldagem por [&hellip;]<\/p>\n","protected":false},"author":16,"featured_media":0,"parent":0,"menu_order":0,"comment_status":"closed","ping_status":"closed","template":"","meta":{"_et_pb_use_builder":"on","_et_pb_old_content":"","_et_gb_content_width":"","inline_featured_image":false,"footnotes":""},"class_list":["post-253827","page","type-page","status-publish","hentry"],"_links":{"self":[{"href":"https:\/\/ellegi.com\/pt-br\/wp-json\/wp\/v2\/pages\/253827","targetHints":{"allow":["GET"]}}],"collection":[{"href":"https:\/\/ellegi.com\/pt-br\/wp-json\/wp\/v2\/pages"}],"about":[{"href":"https:\/\/ellegi.com\/pt-br\/wp-json\/wp\/v2\/types\/page"}],"author":[{"embeddable":true,"href":"https:\/\/ellegi.com\/pt-br\/wp-json\/wp\/v2\/users\/16"}],"replies":[{"embeddable":true,"href":"https:\/\/ellegi.com\/pt-br\/wp-json\/wp\/v2\/comments?post=253827"}],"version-history":[{"count":0,"href":"https:\/\/ellegi.com\/pt-br\/wp-json\/wp\/v2\/pages\/253827\/revisions"}],"wp:attachment":[{"href":"https:\/\/ellegi.com\/pt-br\/wp-json\/wp\/v2\/media?parent=253827"}],"curies":[{"name":"wp","href":"https:\/\/api.w.org\/{rel}","templated":true}]}}